{"id":838,"date":"2023-02-13T09:57:00","date_gmt":"2023-02-13T09:57:00","guid":{"rendered":"http:\/\/fructus.se\/?page_id=838"},"modified":"2023-04-01T03:48:07","modified_gmt":"2023-04-01T03:48:07","slug":"gibbscam-tradgnist","status":"publish","type":"page","link":"https:\/\/fructus.se\/en\/program\/gibbscam\/gibbscam-tradgnist\/","title":{"rendered":"GibbsCAM WireEDM"},"content":{"rendered":"<div data-elementor-type=\"wp-page\" data-elementor-id=\"838\" class=\"elementor elementor-838\" data-elementor-post-type=\"page\">\n\t\t\t\t\t\t<section data-dce-background-overlay-color=\"#02080E00\" data-dce-background-image-url=\"http:\/\/fructus.se\/wp-content\/uploads\/2023\/03\/4.-GibbsCAM-produktbanner-Tradgnist-3440x800-1-scaled.jpg\" class=\"elementor-section elementor-top-section elementor-element elementor-element-e527f01 elementor-section-boxed elementor-section-height-default elementor-section-height-default\" data-id=\"e527f01\" data-element_type=\"section\" data-settings=\"{&quot;background_background&quot;:&quot;classic&quot;}\">\n\t\t\t\t\t\t\t<div class=\"elementor-background-overlay\"><\/div>\n\t\t\t\t\t\t\t<div class=\"elementor-container elementor-column-gap-default\">\n\t\t\t\t\t<div class=\"elementor-column elementor-col-100 elementor-top-column elementor-element elementor-element-25d1b03\" data-id=\"25d1b03\" data-element_type=\"column\">\n\t\t\t<div class=\"elementor-widget-wrap elementor-element-populated\">\n\t\t\t\t\t\t<section class=\"elementor-section elementor-inner-section elementor-element elementor-element-8277228 elementor-section-boxed elementor-section-height-default elementor-section-height-default\" data-id=\"8277228\" data-element_type=\"section\">\n\t\t\t\t\t\t<div class=\"elementor-container elementor-column-gap-default\">\n\t\t\t\t\t<div class=\"elementor-column elementor-col-100 elementor-inner-column elementor-element elementor-element-fdf254b\" data-id=\"fdf254b\" data-element_type=\"column\">\n\t\t\t<div class=\"elementor-widget-wrap elementor-element-populated\">\n\t\t\t\t\t\t<section class=\"elementor-section elementor-inner-section elementor-element elementor-element-cc72676 elementor-section-boxed elementor-section-height-default elementor-section-height-default\" data-id=\"cc72676\" data-element_type=\"section\">\n\t\t\t\t\t\t<div class=\"elementor-container elementor-column-gap-default\">\n\t\t\t\t\t<div class=\"elementor-column elementor-col-100 elementor-inner-column elementor-element elementor-element-7341148\" data-id=\"7341148\" data-element_type=\"column\">\n\t\t\t<div class=\"elementor-widget-wrap elementor-element-populated\">\n\t\t\t\t\t\t<div class=\"elementor-element elementor-element-a69c063 elementor-widget elementor-widget-heading\" data-id=\"a69c063\" data-element_type=\"widget\" data-widget_type=\"heading.default\">\n\t\t\t\t<div class=\"elementor-widget-container\">\n\t\t\t\t\t<h4 class=\"elementor-heading-title elementor-size-default\">GibbsCAM Wire EDM<\/h4>\t\t\t\t<\/div>\n\t\t\t\t<\/div>\n\t\t\t\t<div class=\"elementor-element elementor-element-4e35713 elementor-mobile-align-left elementor-widget elementor-widget-breadcrumbs\" data-id=\"4e35713\" data-element_type=\"widget\" data-widget_type=\"breadcrumbs.default\">\n\t\t\t\t<div class=\"elementor-widget-container\">\n\t\t\t\t\t<p id=\"breadcrumbs\"><span><span><a href=\"https:\/\/fructus.se\/en\/\">Home<\/a><\/span><\/span><\/p>\t\t\t\t<\/div>\n\t\t\t\t<\/div>\n\t\t\t\t\t<\/div>\n\t\t<\/div>\n\t\t\t\t\t<\/div>\n\t\t<\/section>\n\t\t\t\t\t<\/div>\n\t\t<\/div>\n\t\t\t\t\t<\/div>\n\t\t<\/section>\n\t\t\t\t\t<\/div>\n\t\t<\/div>\n\t\t\t\t\t<\/div>\n\t\t<\/section>\n\t\t\t\t<section class=\"elementor-section elementor-top-section elementor-element elementor-element-9adbdd1 elementor-section-boxed elementor-section-height-default elementor-section-height-default\" data-id=\"9adbdd1\" data-element_type=\"section\" data-settings=\"{&quot;background_background&quot;:&quot;classic&quot;}\">\n\t\t\t\t\t\t<div class=\"elementor-container elementor-column-gap-default\">\n\t\t\t\t\t<div class=\"elementor-column elementor-col-50 elementor-top-column elementor-element elementor-element-1580777\" data-id=\"1580777\" data-element_type=\"column\">\n\t\t\t<div class=\"elementor-widget-wrap elementor-element-populated\">\n\t\t\t\t\t\t<div class=\"elementor-element elementor-element-d0dab7a dce_masking-none elementor-widget elementor-widget-video\" data-id=\"d0dab7a\" data-element_type=\"widget\" data-settings=\"{&quot;youtube_url&quot;:&quot;https:\\\/\\\/www.youtube.com\\\/watch?v=o7y5U7YZ-Mg&amp;ab_channel=CAMCOne&quot;,&quot;video_type&quot;:&quot;youtube&quot;,&quot;controls&quot;:&quot;yes&quot;}\" data-widget_type=\"video.default\">\n\t\t\t\t<div class=\"elementor-widget-container\">\n\t\t\t\t\t\t\t<div class=\"elementor-wrapper elementor-open-inline\">\n\t\t\t<div class=\"elementor-video\"><\/div>\t\t<\/div>\n\t\t\t\t\t\t<\/div>\n\t\t\t\t<\/div>\n\t\t\t\t<div class=\"elementor-element elementor-element-61e35fd dce_masking-none elementor-widget elementor-widget-image\" data-id=\"61e35fd\" data-element_type=\"widget\" data-widget_type=\"image.default\">\n\t\t\t\t<div class=\"elementor-widget-container\">\n\t\t\t\t\t\t\t\t\t\t\t\t\t\t\t<img fetchpriority=\"high\" decoding=\"async\" width=\"1280\" height=\"720\" src=\"https:\/\/fructus.se\/wp-content\/uploads\/2023\/02\/WireEDM_OptiCAM-2.jpg\" class=\"attachment-full size-full wp-image-1242\" alt=\"\" srcset=\"https:\/\/fructus.se\/wp-content\/uploads\/2023\/02\/WireEDM_OptiCAM-2.jpg 1280w, https:\/\/fructus.se\/wp-content\/uploads\/2023\/02\/WireEDM_OptiCAM-2-300x169.jpg 300w, https:\/\/fructus.se\/wp-content\/uploads\/2023\/02\/WireEDM_OptiCAM-2-1024x576.jpg 1024w, https:\/\/fructus.se\/wp-content\/uploads\/2023\/02\/WireEDM_OptiCAM-2-768x432.jpg 768w\" sizes=\"(max-width: 1280px) 100vw, 1280px\" \/>\t\t\t\t\t\t\t\t\t\t\t\t\t\t\t<\/div>\n\t\t\t\t<\/div>\n\t\t\t\t<div class=\"elementor-element elementor-element-0e26faf elementor-widget elementor-widget-spacer\" data-id=\"0e26faf\" data-element_type=\"widget\" data-widget_type=\"spacer.default\">\n\t\t\t\t<div class=\"elementor-widget-container\">\n\t\t\t\t\t\t\t<div class=\"elementor-spacer\">\n\t\t\t<div class=\"elementor-spacer-inner\"><\/div>\n\t\t<\/div>\n\t\t\t\t\t\t<\/div>\n\t\t\t\t<\/div>\n\t\t\t\t\t<\/div>\n\t\t<\/div>\n\t\t\t\t<div class=\"elementor-column elementor-col-50 elementor-top-column elementor-element elementor-element-0875f09\" data-id=\"0875f09\" data-element_type=\"column\">\n\t\t\t<div class=\"elementor-widget-wrap elementor-element-populated\">\n\t\t\t\t\t\t<div class=\"elementor-element elementor-element-68c200f elementor-widget elementor-widget-heading\" data-id=\"68c200f\" data-element_type=\"widget\" data-widget_type=\"heading.default\">\n\t\t\t\t<div class=\"elementor-widget-container\">\n\t\t\t\t\t<p class=\"elementor-heading-title elementor-size-default\">WIRE EDM<\/p>\t\t\t\t<\/div>\n\t\t\t\t<\/div>\n\t\t\t\t<div class=\"elementor-element elementor-element-b7c491a elementor-widget elementor-widget-heading\" data-id=\"b7c491a\" data-element_type=\"widget\" data-widget_type=\"heading.default\">\n\t\t\t\t<div class=\"elementor-widget-container\">\n\t\t\t\t\t<h2 class=\"elementor-heading-title elementor-size-default\">GibbsCAM Wire EDM<\/h2>\t\t\t\t<\/div>\n\t\t\t\t<\/div>\n\t\t\t\t<div class=\"elementor-element elementor-element-56b5d51 elementor-widget elementor-widget-text-editor\" data-id=\"56b5d51\" data-element_type=\"widget\" data-widget_type=\"text-editor.default\">\n\t\t\t\t<div class=\"elementor-widget-container\">\n\t\t\t\t\t\t\t\t\t<p style=\"text-align: left;\">GibbsCAM WireEDM is a high end 2 to 4 axis wire edm module that uses advanced AFR (Automatic Feature Recognition) for automatic generation of NC programs. GibbsCAM WireEDM also offers a complete CAD for fast creation and editing of 2D drawings and 3D models. Import of CAD files can be done via DXF, DWG and IGES or from a measuring machine, as well as from all leading 3D CAD programs.<\/p>\t\t\t\t\t\t\t\t<\/div>\n\t\t\t\t<\/div>\n\t\t\t\t<div class=\"elementor-element elementor-element-9ced30f elementor-widget elementor-widget-heading\" data-id=\"9ced30f\" data-element_type=\"widget\" data-widget_type=\"heading.default\">\n\t\t\t\t<div class=\"elementor-widget-container\">\n\t\t\t\t\t<h3 class=\"elementor-heading-title elementor-size-default\">Support for all machines\n<\/h3>\t\t\t\t<\/div>\n\t\t\t\t<\/div>\n\t\t\t\t<div class=\"elementor-element elementor-element-5337b13 elementor-widget elementor-widget-text-editor\" data-id=\"5337b13\" data-element_type=\"widget\" data-widget_type=\"text-editor.default\">\n\t\t\t\t<div class=\"elementor-widget-container\">\n\t\t\t\t\t\t\t\t\t<p style=\"text-align: left;\">The module supports all well-known machine manufacturers such as Agie, Charmilles, Fanuc, Makino, Sodick and others. For most machines, technology tables are also provided that automatically select the correct compensations and generator settings based on the machine, material and number of cuts. The module is fast and easy to use thanks to powerful automation. Learning the software is easy and quick, one day training is typically enough.<\/p>\t\t\t\t\t\t\t\t<\/div>\n\t\t\t\t<\/div>\n\t\t\t\t<div class=\"elementor-element elementor-element-52f2e93 elementor-widget elementor-widget-heading\" data-id=\"52f2e93\" data-element_type=\"widget\" data-widget_type=\"heading.default\">\n\t\t\t\t<div class=\"elementor-widget-container\">\n\t\t\t\t\t<h3 class=\"elementor-heading-title elementor-size-default\">Everything a WireEDM expert needs\n<\/h3>\t\t\t\t<\/div>\n\t\t\t\t<\/div>\n\t\t\t\t<div class=\"elementor-element elementor-element-5301c4a elementor-widget elementor-widget-text-editor\" data-id=\"5301c4a\" data-element_type=\"widget\" data-widget_type=\"text-editor.default\">\n\t\t\t\t<div class=\"elementor-widget-container\">\n\t\t\t\t\t\t\t\t\t<p style=\"text-align: left;\">- 2-axis cutting, with our without taper<br \/>- 4 axis simultaneous cutting with automatic synchronisation<br \/>- Coreless cutting (destructive machining)<br \/>&#8211; Valfritt antal stopp &#8221;bridge&#8221;l\u00e4ngs kontur<br \/>- User defineable machining order<br \/>- User defineable startpoint \/ automatic startpoint<br \/>- User defineable entry\/exit moves<br \/>- Setup sheets &amp; operationlists<\/p>\t\t\t\t\t\t\t\t<\/div>\n\t\t\t\t<\/div>\n\t\t\t\t<div class=\"elementor-element elementor-element-aa83192 elementor-align-center elementor-widget elementor-widget-button\" data-id=\"aa83192\" data-element_type=\"widget\" data-widget_type=\"button.default\">\n\t\t\t\t<div class=\"elementor-widget-container\">\n\t\t\t\t\t\t\t\t\t<div class=\"elementor-button-wrapper\">\n\t\t\t\t\t<a class=\"elementor-button elementor-button-link elementor-size-sm\" href=\"http:\/\/fructus.se\/wp-content\/uploads\/2023\/03\/GibbsCAM_WireEDM_ENG.pdf\" target=\"_blank\">\n\t\t\t\t\t\t<span class=\"elementor-button-content-wrapper\">\n\t\t\t\t\t\t\t\t\t<span class=\"elementor-button-text\">Download Brochure<\/span>\n\t\t\t\t\t<\/span>\n\t\t\t\t\t<\/a>\n\t\t\t\t<\/div>\n\t\t\t\t\t\t\t\t<\/div>\n\t\t\t\t<\/div>\n\t\t\t\t\t<\/div>\n\t\t<\/div>\n\t\t\t\t\t<\/div>\n\t\t<\/section>\n\t\t\t\t<section data-dce-background-image-url=\"http:\/\/fructus.se\/wp-content\/uploads\/2023\/02\/3.-GibbsCAM-produktbanner-Frasning-3440x800-1-scaled.jpg\" class=\"elementor-section elementor-top-section elementor-element elementor-element-3495923 elementor-section-boxed elementor-section-height-default elementor-section-height-default elementor-invisible\" data-id=\"3495923\" data-element_type=\"section\" data-settings=\"{&quot;background_background&quot;:&quot;classic&quot;,&quot;animation&quot;:&quot;slideInUp&quot;}\">\n\t\t\t\t\t\t\t<div class=\"elementor-background-overlay\"><\/div>\n\t\t\t\t\t\t\t<div class=\"elementor-container elementor-column-gap-default\">\n\t\t\t\t\t<div class=\"elementor-column elementor-col-100 elementor-top-column elementor-element elementor-element-5d8b149\" data-id=\"5d8b149\" data-element_type=\"column\">\n\t\t\t<div class=\"elementor-widget-wrap elementor-element-populated\">\n\t\t\t\t\t\t<div class=\"elementor-element elementor-element-f290d93 elementor-widget elementor-widget-spacer\" data-id=\"f290d93\" data-element_type=\"widget\" data-widget_type=\"spacer.default\">\n\t\t\t\t<div class=\"elementor-widget-container\">\n\t\t\t\t\t\t\t<div class=\"elementor-spacer\">\n\t\t\t<div class=\"elementor-spacer-inner\"><\/div>\n\t\t<\/div>\n\t\t\t\t\t\t<\/div>\n\t\t\t\t<\/div>\n\t\t\t\t<div class=\"elementor-element elementor-element-16717b7 elementor-widget elementor-widget-heading\" data-id=\"16717b7\" data-element_type=\"widget\" data-widget_type=\"heading.default\">\n\t\t\t\t<div class=\"elementor-widget-container\">\n\t\t\t\t\t<h4 class=\"elementor-heading-title elementor-size-default\">One CAM software.<br>All your CNC machines.<\/h4>\t\t\t\t<\/div>\n\t\t\t\t<\/div>\n\t\t\t\t<div class=\"elementor-element elementor-element-6c86391 elementor-widget elementor-widget-text-editor\" data-id=\"6c86391\" data-element_type=\"widget\" data-widget_type=\"text-editor.default\">\n\t\t\t\t<div class=\"elementor-widget-container\">\n\t\t\t\t\t\t\t\t\t<p>GibbsCAM has what it takes to program all your machines, from simple 2-axis to advanced machines with 20 axis.<\/p>\t\t\t\t\t\t\t\t<\/div>\n\t\t\t\t<\/div>\n\t\t\t\t<div class=\"elementor-element elementor-element-1a2430c dce_masking-none elementor-widget elementor-widget-image\" data-id=\"1a2430c\" data-element_type=\"widget\" data-widget_type=\"image.default\">\n\t\t\t\t<div class=\"elementor-widget-container\">\n\t\t\t\t\t\t\t\t\t\t\t\t\t\t\t<img decoding=\"async\" src=\"https:\/\/fructus.se\/wp-content\/uploads\/2023\/02\/GIBBSCAM_blue-blend-rev1200px.png\" title=\"GibbsCAM CNC programmering\" alt=\"GibbsCAM CAM program\" loading=\"lazy\" \/>\t\t\t\t\t\t\t\t\t\t\t\t\t\t\t<\/div>\n\t\t\t\t<\/div>\n\t\t\t\t<div class=\"elementor-element elementor-element-974cb3c elementor-widget elementor-widget-spacer\" data-id=\"974cb3c\" data-element_type=\"widget\" data-widget_type=\"spacer.default\">\n\t\t\t\t<div class=\"elementor-widget-container\">\n\t\t\t\t\t\t\t<div class=\"elementor-spacer\">\n\t\t\t<div class=\"elementor-spacer-inner\"><\/div>\n\t\t<\/div>\n\t\t\t\t\t\t<\/div>\n\t\t\t\t<\/div>\n\t\t\t\t\t<\/div>\n\t\t<\/div>\n\t\t\t\t\t<\/div>\n\t\t<\/section>\n\t\t\t\t<\/div>","protected":false},"excerpt":{"rendered":"<p>GibbsCAM Tr\u00e5dgnist WIRE EDM Gibbscam Tr\u00e5dgnist GibbsCAM tr\u00e5dgnistmodul \u00e4r en h\u00f6gniv\u00e5 2 till 4 axlig tr\u00e5dgnistmodul som nyttjar avancerad AFR (Automatic Feature Recognition) f\u00f6r automatisk generering av NC program. I GibbsCAM finns komplett CAD-del f\u00f6r snabbt skapande och redigering av 2D ritningar och 3D modeller. Import av CAD-filer kan ske via DXF, DWG och IGES [&hellip;]<\/p>","protected":false},"author":1,"featured_media":0,"parent":656,"menu_order":4,"comment_status":"closed","ping_status":"closed","template":"","meta":{"footnotes":""},"class_list":["post-838","page","type-page","status-publish","hentry"],"acf":[],"yoast_head":"<!-- This site is optimized with the Yoast SEO plugin v25.7 - https:\/\/yoast.com\/wordpress\/plugins\/seo\/ -->\n<title>GIBBSCAM Tr\u00e5dgnist - Fructus<\/title>\n<meta name=\"description\" content=\"GibbsCAM GO WireEDM (tr\u00e5dgnist). CAM program f\u00f6r CNC programmering av tr\u00e5dgnistmaskiner fr\u00e5n enklare 2-axligt till avancerat 4-axligt\" \/>\n<meta name=\"robots\" content=\"index, follow, max-snippet:-1, max-image-preview:large, max-video-preview:-1\" \/>\n<link rel=\"canonical\" href=\"https:\/\/fructus.se\/en\/program\/gibbscam\/gibbscam-tradgnist\/\" \/>\n<meta property=\"og:locale\" content=\"en_GB\" \/>\n<meta property=\"og:type\" content=\"article\" \/>\n<meta property=\"og:title\" content=\"GIBBSCAM Tr\u00e5dgnist - Fructus\" \/>\n<meta property=\"og:description\" content=\"GibbsCAM GO WireEDM (tr\u00e5dgnist). CAM program f\u00f6r CNC programmering av tr\u00e5dgnistmaskiner fr\u00e5n enklare 2-axligt till avancerat 4-axligt\" \/>\n<meta property=\"og:url\" content=\"https:\/\/fructus.se\/en\/program\/gibbscam\/gibbscam-tradgnist\/\" \/>\n<meta property=\"og:site_name\" content=\"Fructus\" \/>\n<meta property=\"article:modified_time\" content=\"2023-04-01T03:48:07+00:00\" \/>\n<meta property=\"og:image\" content=\"http:\/\/fructus.se\/wp-content\/uploads\/2023\/02\/WireEDM_OptiCAM-2.jpg\" \/>\n<meta name=\"twitter:card\" content=\"summary_large_image\" \/>\n<meta name=\"twitter:label1\" content=\"Estimated reading time\" \/>\n\t<meta name=\"twitter:data1\" content=\"2 minutes\" \/>\n<script type=\"application\/ld+json\" class=\"yoast-schema-graph\">{\"@context\":\"https:\/\/schema.org\",\"@graph\":[{\"@type\":\"WebPage\",\"@id\":\"https:\/\/fructus.se\/program\/gibbscam\/gibbscam-tradgnist\/\",\"url\":\"https:\/\/fructus.se\/program\/gibbscam\/gibbscam-tradgnist\/\",\"name\":\"GIBBSCAM Tr\u00e5dgnist - Fructus\",\"isPartOf\":{\"@id\":\"https:\/\/fructus.se\/#website\"},\"primaryImageOfPage\":{\"@id\":\"https:\/\/fructus.se\/program\/gibbscam\/gibbscam-tradgnist\/#primaryimage\"},\"image\":{\"@id\":\"https:\/\/fructus.se\/program\/gibbscam\/gibbscam-tradgnist\/#primaryimage\"},\"thumbnailUrl\":\"http:\/\/fructus.se\/wp-content\/uploads\/2023\/02\/WireEDM_OptiCAM-2.jpg\",\"datePublished\":\"2023-02-13T09:57:00+00:00\",\"dateModified\":\"2023-04-01T03:48:07+00:00\",\"description\":\"GibbsCAM GO WireEDM (tr\u00e5dgnist). CAM program f\u00f6r CNC programmering av tr\u00e5dgnistmaskiner fr\u00e5n enklare 2-axligt till avancerat 4-axligt\",\"breadcrumb\":{\"@id\":\"https:\/\/fructus.se\/program\/gibbscam\/gibbscam-tradgnist\/#breadcrumb\"},\"inLanguage\":\"en-GB\",\"potentialAction\":[{\"@type\":\"ReadAction\",\"target\":[\"https:\/\/fructus.se\/program\/gibbscam\/gibbscam-tradgnist\/\"]}]},{\"@type\":\"ImageObject\",\"inLanguage\":\"en-GB\",\"@id\":\"https:\/\/fructus.se\/program\/gibbscam\/gibbscam-tradgnist\/#primaryimage\",\"url\":\"http:\/\/fructus.se\/wp-content\/uploads\/2023\/02\/WireEDM_OptiCAM-2.jpg\",\"contentUrl\":\"http:\/\/fructus.se\/wp-content\/uploads\/2023\/02\/WireEDM_OptiCAM-2.jpg\"},{\"@type\":\"BreadcrumbList\",\"@id\":\"https:\/\/fructus.se\/program\/gibbscam\/gibbscam-tradgnist\/#breadcrumb\",\"itemListElement\":[{\"@type\":\"ListItem\",\"position\":1,\"name\":\"Hem\",\"item\":\"https:\/\/fructus.se\/\"},{\"@type\":\"ListItem\",\"position\":2,\"name\":\"Program\",\"item\":\"https:\/\/fructus.se\/program\/\"},{\"@type\":\"ListItem\",\"position\":3,\"name\":\"GIBBSCAM\",\"item\":\"https:\/\/fructus.se\/program\/gibbscam\/\"},{\"@type\":\"ListItem\",\"position\":4,\"name\":\"GIBBSCAM Tr\u00e5dgnist\"}]},{\"@type\":\"WebSite\",\"@id\":\"https:\/\/fructus.se\/#website\",\"url\":\"https:\/\/fructus.se\/\",\"name\":\"Fructus\",\"description\":\"CAD \/ CAM \/ CAE\",\"publisher\":{\"@id\":\"https:\/\/fructus.se\/#organization\"},\"potentialAction\":[{\"@type\":\"SearchAction\",\"target\":{\"@type\":\"EntryPoint\",\"urlTemplate\":\"https:\/\/fructus.se\/?s={search_term_string}\"},\"query-input\":{\"@type\":\"PropertyValueSpecification\",\"valueRequired\":true,\"valueName\":\"search_term_string\"}}],\"inLanguage\":\"en-GB\"},{\"@type\":\"Organization\",\"@id\":\"https:\/\/fructus.se\/#organization\",\"name\":\"Fructus\",\"url\":\"https:\/\/fructus.se\/\",\"logo\":{\"@type\":\"ImageObject\",\"inLanguage\":\"en-GB\",\"@id\":\"https:\/\/fructus.se\/#\/schema\/logo\/image\/\",\"url\":\"https:\/\/fructus.se\/wp-content\/uploads\/2022\/10\/fructus-logo.png\",\"contentUrl\":\"https:\/\/fructus.se\/wp-content\/uploads\/2022\/10\/fructus-logo.png\",\"width\":501,\"height\":125,\"caption\":\"Fructus\"},\"image\":{\"@id\":\"https:\/\/fructus.se\/#\/schema\/logo\/image\/\"}}]}<\/script>\n<!-- \/ Yoast SEO plugin. -->","yoast_head_json":{"title":"GIBBSCAM Tr\u00e5dgnist - Fructus","description":"GibbsCAM GO WireEDM (tr\u00e5dgnist). CAM program f\u00f6r CNC programmering av tr\u00e5dgnistmaskiner fr\u00e5n enklare 2-axligt till avancerat 4-axligt","robots":{"index":"index","follow":"follow","max-snippet":"max-snippet:-1","max-image-preview":"max-image-preview:large","max-video-preview":"max-video-preview:-1"},"canonical":"https:\/\/fructus.se\/en\/program\/gibbscam\/gibbscam-tradgnist\/","og_locale":"en_GB","og_type":"article","og_title":"GIBBSCAM Tr\u00e5dgnist - Fructus","og_description":"GibbsCAM GO WireEDM (tr\u00e5dgnist). CAM program f\u00f6r CNC programmering av tr\u00e5dgnistmaskiner fr\u00e5n enklare 2-axligt till avancerat 4-axligt","og_url":"https:\/\/fructus.se\/en\/program\/gibbscam\/gibbscam-tradgnist\/","og_site_name":"Fructus","article_modified_time":"2023-04-01T03:48:07+00:00","og_image":[{"url":"http:\/\/fructus.se\/wp-content\/uploads\/2023\/02\/WireEDM_OptiCAM-2.jpg","type":"","width":"","height":""}],"twitter_card":"summary_large_image","twitter_misc":{"Estimated reading time":"2 minutes"},"schema":{"@context":"https:\/\/schema.org","@graph":[{"@type":"WebPage","@id":"https:\/\/fructus.se\/program\/gibbscam\/gibbscam-tradgnist\/","url":"https:\/\/fructus.se\/program\/gibbscam\/gibbscam-tradgnist\/","name":"GIBBSCAM Tr\u00e5dgnist - Fructus","isPartOf":{"@id":"https:\/\/fructus.se\/#website"},"primaryImageOfPage":{"@id":"https:\/\/fructus.se\/program\/gibbscam\/gibbscam-tradgnist\/#primaryimage"},"image":{"@id":"https:\/\/fructus.se\/program\/gibbscam\/gibbscam-tradgnist\/#primaryimage"},"thumbnailUrl":"http:\/\/fructus.se\/wp-content\/uploads\/2023\/02\/WireEDM_OptiCAM-2.jpg","datePublished":"2023-02-13T09:57:00+00:00","dateModified":"2023-04-01T03:48:07+00:00","description":"GibbsCAM GO WireEDM (tr\u00e5dgnist). CAM program f\u00f6r CNC programmering av tr\u00e5dgnistmaskiner fr\u00e5n enklare 2-axligt till avancerat 4-axligt","breadcrumb":{"@id":"https:\/\/fructus.se\/program\/gibbscam\/gibbscam-tradgnist\/#breadcrumb"},"inLanguage":"en-GB","potentialAction":[{"@type":"ReadAction","target":["https:\/\/fructus.se\/program\/gibbscam\/gibbscam-tradgnist\/"]}]},{"@type":"ImageObject","inLanguage":"en-GB","@id":"https:\/\/fructus.se\/program\/gibbscam\/gibbscam-tradgnist\/#primaryimage","url":"http:\/\/fructus.se\/wp-content\/uploads\/2023\/02\/WireEDM_OptiCAM-2.jpg","contentUrl":"http:\/\/fructus.se\/wp-content\/uploads\/2023\/02\/WireEDM_OptiCAM-2.jpg"},{"@type":"BreadcrumbList","@id":"https:\/\/fructus.se\/program\/gibbscam\/gibbscam-tradgnist\/#breadcrumb","itemListElement":[{"@type":"ListItem","position":1,"name":"Hem","item":"https:\/\/fructus.se\/"},{"@type":"ListItem","position":2,"name":"Program","item":"https:\/\/fructus.se\/program\/"},{"@type":"ListItem","position":3,"name":"GIBBSCAM","item":"https:\/\/fructus.se\/program\/gibbscam\/"},{"@type":"ListItem","position":4,"name":"GIBBSCAM Tr\u00e5dgnist"}]},{"@type":"WebSite","@id":"https:\/\/fructus.se\/#website","url":"https:\/\/fructus.se\/","name":"Fructus","description":"CAD \/ CAM \/ CAE","publisher":{"@id":"https:\/\/fructus.se\/#organization"},"potentialAction":[{"@type":"SearchAction","target":{"@type":"EntryPoint","urlTemplate":"https:\/\/fructus.se\/?s={search_term_string}"},"query-input":{"@type":"PropertyValueSpecification","valueRequired":true,"valueName":"search_term_string"}}],"inLanguage":"en-GB"},{"@type":"Organization","@id":"https:\/\/fructus.se\/#organization","name":"Fructus","url":"https:\/\/fructus.se\/","logo":{"@type":"ImageObject","inLanguage":"en-GB","@id":"https:\/\/fructus.se\/#\/schema\/logo\/image\/","url":"https:\/\/fructus.se\/wp-content\/uploads\/2022\/10\/fructus-logo.png","contentUrl":"https:\/\/fructus.se\/wp-content\/uploads\/2022\/10\/fructus-logo.png","width":501,"height":125,"caption":"Fructus"},"image":{"@id":"https:\/\/fructus.se\/#\/schema\/logo\/image\/"}}]}},"_links":{"self":[{"href":"https:\/\/fructus.se\/en\/wp-json\/wp\/v2\/pages\/838","targetHints":{"allow":["GET"]}}],"collection":[{"href":"https:\/\/fructus.se\/en\/wp-json\/wp\/v2\/pages"}],"about":[{"href":"https:\/\/fructus.se\/en\/wp-json\/wp\/v2\/types\/page"}],"author":[{"embeddable":true,"href":"https:\/\/fructus.se\/en\/wp-json\/wp\/v2\/users\/1"}],"replies":[{"embeddable":true,"href":"https:\/\/fructus.se\/en\/wp-json\/wp\/v2\/comments?post=838"}],"version-history":[{"count":0,"href":"https:\/\/fructus.se\/en\/wp-json\/wp\/v2\/pages\/838\/revisions"}],"up":[{"embeddable":true,"href":"https:\/\/fructus.se\/en\/wp-json\/wp\/v2\/pages\/656"}],"wp:attachment":[{"href":"https:\/\/fructus.se\/en\/wp-json\/wp\/v2\/media?parent=838"}],"curies":[{"name":"wp","href":"https:\/\/api.w.org\/{rel}","templated":true}]}}