{"id":836,"date":"2023-02-13T09:55:09","date_gmt":"2023-02-13T09:55:09","guid":{"rendered":"http:\/\/fructus.se\/?page_id=836"},"modified":"2023-03-31T09:10:54","modified_gmt":"2023-03-31T09:10:54","slug":"gibbscam-probning","status":"publish","type":"page","link":"https:\/\/fructus.se\/en\/program\/gibbscam\/gibbscam-probning\/","title":{"rendered":"GibbsCAM Probing"},"content":{"rendered":"<div data-elementor-type=\"wp-page\" data-elementor-id=\"836\" class=\"elementor elementor-836\" data-elementor-post-type=\"page\">\n\t\t\t\t\t\t<section data-dce-background-overlay-color=\"#02080E00\" data-dce-background-image-url=\"http:\/\/fructus.se\/wp-content\/uploads\/2023\/02\/5.-GibbsCAM-produktbanner-Probning-3440x800-1-scaled.jpg\" class=\"elementor-section elementor-top-section elementor-element elementor-element-e527f01 elementor-section-boxed elementor-section-height-default elementor-section-height-default\" data-id=\"e527f01\" data-element_type=\"section\" data-settings=\"{&quot;background_background&quot;:&quot;classic&quot;}\">\n\t\t\t\t\t\t\t<div class=\"elementor-background-overlay\"><\/div>\n\t\t\t\t\t\t\t<div class=\"elementor-container elementor-column-gap-default\">\n\t\t\t\t\t<div class=\"elementor-column elementor-col-100 elementor-top-column elementor-element elementor-element-25d1b03\" data-id=\"25d1b03\" data-element_type=\"column\">\n\t\t\t<div class=\"elementor-widget-wrap elementor-element-populated\">\n\t\t\t\t\t\t<section class=\"elementor-section elementor-inner-section elementor-element elementor-element-8277228 elementor-section-boxed elementor-section-height-default elementor-section-height-default\" data-id=\"8277228\" data-element_type=\"section\">\n\t\t\t\t\t\t<div class=\"elementor-container elementor-column-gap-default\">\n\t\t\t\t\t<div class=\"elementor-column elementor-col-100 elementor-inner-column elementor-element elementor-element-fdf254b\" data-id=\"fdf254b\" data-element_type=\"column\">\n\t\t\t<div class=\"elementor-widget-wrap elementor-element-populated\">\n\t\t\t\t\t\t<section class=\"elementor-section elementor-inner-section elementor-element elementor-element-cc72676 elementor-section-boxed elementor-section-height-default elementor-section-height-default\" data-id=\"cc72676\" data-element_type=\"section\">\n\t\t\t\t\t\t<div class=\"elementor-container elementor-column-gap-default\">\n\t\t\t\t\t<div class=\"elementor-column elementor-col-100 elementor-inner-column elementor-element elementor-element-7341148\" data-id=\"7341148\" data-element_type=\"column\">\n\t\t\t<div class=\"elementor-widget-wrap elementor-element-populated\">\n\t\t\t\t\t\t<div class=\"elementor-element elementor-element-a69c063 elementor-widget elementor-widget-heading\" data-id=\"a69c063\" data-element_type=\"widget\" data-widget_type=\"heading.default\">\n\t\t\t\t<div class=\"elementor-widget-container\">\n\t\t\t\t\t<h4 class=\"elementor-heading-title elementor-size-default\">GibbsCAM Probing<\/h4>\t\t\t\t<\/div>\n\t\t\t\t<\/div>\n\t\t\t\t<div class=\"elementor-element elementor-element-4e35713 elementor-mobile-align-left elementor-widget elementor-widget-breadcrumbs\" data-id=\"4e35713\" data-element_type=\"widget\" data-widget_type=\"breadcrumbs.default\">\n\t\t\t\t<div class=\"elementor-widget-container\">\n\t\t\t\t\t<p id=\"breadcrumbs\"><span><span><a href=\"https:\/\/fructus.se\/en\/\">Home<\/a><\/span><\/span><\/p>\t\t\t\t<\/div>\n\t\t\t\t<\/div>\n\t\t\t\t\t<\/div>\n\t\t<\/div>\n\t\t\t\t\t<\/div>\n\t\t<\/section>\n\t\t\t\t\t<\/div>\n\t\t<\/div>\n\t\t\t\t\t<\/div>\n\t\t<\/section>\n\t\t\t\t\t<\/div>\n\t\t<\/div>\n\t\t\t\t\t<\/div>\n\t\t<\/section>\n\t\t\t\t<section class=\"elementor-section elementor-top-section elementor-element elementor-element-7f898a9 elementor-reverse-mobile elementor-section-boxed elementor-section-height-default elementor-section-height-default\" data-id=\"7f898a9\" data-element_type=\"section\" data-settings=\"{&quot;background_background&quot;:&quot;classic&quot;}\">\n\t\t\t\t\t\t<div class=\"elementor-container elementor-column-gap-default\">\n\t\t\t\t\t<div class=\"elementor-column elementor-col-50 elementor-top-column elementor-element elementor-element-96fd827\" data-id=\"96fd827\" data-element_type=\"column\">\n\t\t\t<div class=\"elementor-widget-wrap elementor-element-populated\">\n\t\t\t\t\t\t<div class=\"elementor-element elementor-element-aebd935 dce_masking-none elementor-widget elementor-widget-video\" data-id=\"aebd935\" data-element_type=\"widget\" data-settings=\"{&quot;youtube_url&quot;:&quot;https:\\\/\\\/youtu.be\\\/H_hQWL1DRn0&quot;,&quot;video_type&quot;:&quot;youtube&quot;,&quot;controls&quot;:&quot;yes&quot;}\" data-widget_type=\"video.default\">\n\t\t\t\t<div class=\"elementor-widget-container\">\n\t\t\t\t\t\t\t<div class=\"elementor-wrapper elementor-open-inline\">\n\t\t\t<div class=\"elementor-video\"><\/div>\t\t<\/div>\n\t\t\t\t\t\t<\/div>\n\t\t\t\t<\/div>\n\t\t\t\t<div class=\"elementor-element elementor-element-170567f dce_masking-none elementor-widget elementor-widget-image\" data-id=\"170567f\" data-element_type=\"widget\" data-widget_type=\"image.default\">\n\t\t\t\t<div class=\"elementor-widget-container\">\n\t\t\t\t\t\t\t\t\t\t\t\t\t\t\t<img fetchpriority=\"high\" decoding=\"async\" width=\"2376\" height=\"1343\" src=\"https:\/\/fructus.se\/wp-content\/uploads\/2023\/02\/GibbsCAM_Probing.png\" class=\"attachment-full size-full wp-image-1231\" alt=\"\" srcset=\"https:\/\/fructus.se\/wp-content\/uploads\/2023\/02\/GibbsCAM_Probing.png 2376w, https:\/\/fructus.se\/wp-content\/uploads\/2023\/02\/GibbsCAM_Probing-300x170.png 300w, https:\/\/fructus.se\/wp-content\/uploads\/2023\/02\/GibbsCAM_Probing-1024x579.png 1024w, https:\/\/fructus.se\/wp-content\/uploads\/2023\/02\/GibbsCAM_Probing-768x434.png 768w, https:\/\/fructus.se\/wp-content\/uploads\/2023\/02\/GibbsCAM_Probing-1536x868.png 1536w, https:\/\/fructus.se\/wp-content\/uploads\/2023\/02\/GibbsCAM_Probing-2048x1158.png 2048w\" sizes=\"(max-width: 2376px) 100vw, 2376px\" \/>\t\t\t\t\t\t\t\t\t\t\t\t\t\t\t<\/div>\n\t\t\t\t<\/div>\n\t\t\t\t<div class=\"elementor-element elementor-element-5507f5a elementor-widget elementor-widget-spacer\" data-id=\"5507f5a\" data-element_type=\"widget\" data-widget_type=\"spacer.default\">\n\t\t\t\t<div class=\"elementor-widget-container\">\n\t\t\t\t\t\t\t<div class=\"elementor-spacer\">\n\t\t\t<div class=\"elementor-spacer-inner\"><\/div>\n\t\t<\/div>\n\t\t\t\t\t\t<\/div>\n\t\t\t\t<\/div>\n\t\t\t\t\t<\/div>\n\t\t<\/div>\n\t\t\t\t<div class=\"elementor-column elementor-col-50 elementor-top-column elementor-element elementor-element-36df96e\" data-id=\"36df96e\" data-element_type=\"column\">\n\t\t\t<div class=\"elementor-widget-wrap elementor-element-populated\">\n\t\t\t\t\t\t<div class=\"elementor-element elementor-element-dc1fbd7 elementor-widget elementor-widget-heading\" data-id=\"dc1fbd7\" data-element_type=\"widget\" data-widget_type=\"heading.default\">\n\t\t\t\t<div class=\"elementor-widget-container\">\n\t\t\t\t\t<p class=\"elementor-heading-title elementor-size-default\">On Machine Probing<\/p>\t\t\t\t<\/div>\n\t\t\t\t<\/div>\n\t\t\t\t<div class=\"elementor-element elementor-element-4560d35 elementor-widget elementor-widget-heading\" data-id=\"4560d35\" data-element_type=\"widget\" data-widget_type=\"heading.default\">\n\t\t\t\t<div class=\"elementor-widget-container\">\n\t\t\t\t\t<h2 class=\"elementor-heading-title elementor-size-default\">GibbsCAM Probing Option<\/h2>\t\t\t\t<\/div>\n\t\t\t\t<\/div>\n\t\t\t\t<div class=\"elementor-element elementor-element-1969628 elementor-widget elementor-widget-text-editor\" data-id=\"1969628\" data-element_type=\"widget\" data-widget_type=\"text-editor.default\">\n\t\t\t\t<div class=\"elementor-widget-container\">\n\t\t\t\t\t\t\t\t\t<p style=\"text-align: left;\">GibbsCAM's probing module offers a fast, user-friendly and 100% CAM integrated environment for programming probes in CNC machines. Create probe operations as easily as a regular drill operation in GibbsCAM. Mix milling, turning and probing operations freely. The probing module eliminates manual probe programming and uncertainty in programming.<\/p>\t\t\t\t\t\t\t\t<\/div>\n\t\t\t\t<\/div>\n\t\t\t\t<div class=\"elementor-element elementor-element-4e6c3cd elementor-widget elementor-widget-heading\" data-id=\"4e6c3cd\" data-element_type=\"widget\" data-widget_type=\"heading.default\">\n\t\t\t\t<div class=\"elementor-widget-container\">\n\t\t\t\t\t<h3 class=\"elementor-heading-title elementor-size-default\">Standard and Custom Probecycles\n<\/h3>\t\t\t\t<\/div>\n\t\t\t\t<\/div>\n\t\t\t\t<div class=\"elementor-element elementor-element-0b7af92 elementor-widget elementor-widget-text-editor\" data-id=\"0b7af92\" data-element_type=\"widget\" data-widget_type=\"text-editor.default\">\n\t\t\t\t<div class=\"elementor-widget-container\">\n\t\t\t\t\t\t\t\t\t<p style=\"text-align: left;\">The module supports BASIC, GENERIC and CUSTOM probing. The GENERIC cycles include  the most common cycles for zero point (WorkFixtureOffset) probing.<\/p>\t\t\t\t\t\t\t\t<\/div>\n\t\t\t\t<\/div>\n\t\t\t\t<div class=\"elementor-element elementor-element-456b2ab elementor-widget elementor-widget-heading\" data-id=\"456b2ab\" data-element_type=\"widget\" data-widget_type=\"heading.default\">\n\t\t\t\t<div class=\"elementor-widget-container\">\n\t\t\t\t\t<h3 class=\"elementor-heading-title elementor-size-default\">GENERIC probecycles include:<\/h3>\t\t\t\t<\/div>\n\t\t\t\t<\/div>\n\t\t\t\t<div class=\"elementor-element elementor-element-334ee69 elementor-widget elementor-widget-text-editor\" data-id=\"334ee69\" data-element_type=\"widget\" data-widget_type=\"text-editor.default\">\n\t\t\t\t<div class=\"elementor-widget-container\">\n\t\t\t\t\t\t\t\t\t<p style=\"text-align: left;\">- probing of WFO (G54,55,56\u2026) from point, corner, bore and boss<br \/>- measurement of diameter<br \/>- measurement of midpoint<br \/>- optional if\/else\/goto statements<\/p>\t\t\t\t\t\t\t\t<\/div>\n\t\t\t\t<\/div>\n\t\t\t\t<section class=\"elementor-section elementor-inner-section elementor-element elementor-element-ea3e97e elementor-section-boxed elementor-section-height-default elementor-section-height-default\" data-id=\"ea3e97e\" data-element_type=\"section\" data-settings=\"{&quot;background_background&quot;:&quot;classic&quot;}\">\n\t\t\t\t\t\t<div class=\"elementor-container elementor-column-gap-default\">\n\t\t\t\t\t<div class=\"elementor-column elementor-col-100 elementor-inner-column elementor-element elementor-element-c4ca7b9\" data-id=\"c4ca7b9\" data-element_type=\"column\">\n\t\t\t<div class=\"elementor-widget-wrap elementor-element-populated\">\n\t\t\t\t\t\t<div class=\"elementor-element elementor-element-788f103 elementor-widget elementor-widget-text-editor\" data-id=\"788f103\" data-element_type=\"widget\" data-widget_type=\"text-editor.default\">\n\t\t\t\t<div class=\"elementor-widget-container\">\n\t\t\t\t\t\t\t\t\t<p style=\"text-align: left;\">If your machine is equipped with, for example, a Renishaw probe, the machine probably already has a number of probing macros installed in the control. GibbsCAM's probing module uses\/calls these cycles. Most controls are supported, Siemens, Mazak, Fanuc, Yasnac, Heidenhain, Mitsubishi and others. If you already have a GibbsCAM postprocessor, it can probably be upgraded with probing support, contact us for more info and a quote.<\/p>\t\t\t\t\t\t\t\t<\/div>\n\t\t\t\t<\/div>\n\t\t\t\t\t<\/div>\n\t\t<\/div>\n\t\t\t\t\t<\/div>\n\t\t<\/section>\n\t\t\t\t<div class=\"elementor-element elementor-element-3bc6ec7 elementor-widget elementor-widget-spacer\" data-id=\"3bc6ec7\" data-element_type=\"widget\" data-widget_type=\"spacer.default\">\n\t\t\t\t<div class=\"elementor-widget-container\">\n\t\t\t\t\t\t\t<div class=\"elementor-spacer\">\n\t\t\t<div class=\"elementor-spacer-inner\"><\/div>\n\t\t<\/div>\n\t\t\t\t\t\t<\/div>\n\t\t\t\t<\/div>\n\t\t\t\t<div class=\"elementor-element elementor-element-fb464e3 elementor-align-center elementor-widget elementor-widget-button\" data-id=\"fb464e3\" data-element_type=\"widget\" data-widget_type=\"button.default\">\n\t\t\t\t<div class=\"elementor-widget-container\">\n\t\t\t\t\t\t\t\t\t<div class=\"elementor-button-wrapper\">\n\t\t\t\t\t<a class=\"elementor-button elementor-button-link elementor-size-sm\" href=\"http:\/\/fructus.se\/wp-content\/uploads\/2023\/02\/GibbsCAM-Probing-broschyr_ENG.pdf\" target=\"_blank\">\n\t\t\t\t\t\t<span class=\"elementor-button-content-wrapper\">\n\t\t\t\t\t\t\t\t\t<span class=\"elementor-button-text\">Download brochure <\/span>\n\t\t\t\t\t<\/span>\n\t\t\t\t\t<\/a>\n\t\t\t\t<\/div>\n\t\t\t\t\t\t\t\t<\/div>\n\t\t\t\t<\/div>\n\t\t\t\t\t<\/div>\n\t\t<\/div>\n\t\t\t\t\t<\/div>\n\t\t<\/section>\n\t\t\t\t<section data-dce-background-image-url=\"http:\/\/fructus.se\/wp-content\/uploads\/2023\/02\/3.-GibbsCAM-produktbanner-Frasning-3440x800-1-scaled.jpg\" class=\"elementor-section elementor-top-section elementor-element elementor-element-1da4aac elementor-section-boxed elementor-section-height-default elementor-section-height-default elementor-invisible\" data-id=\"1da4aac\" data-element_type=\"section\" data-settings=\"{&quot;background_background&quot;:&quot;classic&quot;,&quot;animation&quot;:&quot;slideInUp&quot;}\">\n\t\t\t\t\t\t\t<div class=\"elementor-background-overlay\"><\/div>\n\t\t\t\t\t\t\t<div class=\"elementor-container elementor-column-gap-default\">\n\t\t\t\t\t<div class=\"elementor-column elementor-col-100 elementor-top-column elementor-element elementor-element-f08115f\" data-id=\"f08115f\" data-element_type=\"column\">\n\t\t\t<div class=\"elementor-widget-wrap elementor-element-populated\">\n\t\t\t\t\t\t<div class=\"elementor-element elementor-element-5fb9516 elementor-widget elementor-widget-spacer\" data-id=\"5fb9516\" data-element_type=\"widget\" data-widget_type=\"spacer.default\">\n\t\t\t\t<div class=\"elementor-widget-container\">\n\t\t\t\t\t\t\t<div class=\"elementor-spacer\">\n\t\t\t<div class=\"elementor-spacer-inner\"><\/div>\n\t\t<\/div>\n\t\t\t\t\t\t<\/div>\n\t\t\t\t<\/div>\n\t\t\t\t<div class=\"elementor-element elementor-element-421041d elementor-widget elementor-widget-heading\" data-id=\"421041d\" data-element_type=\"widget\" data-widget_type=\"heading.default\">\n\t\t\t\t<div class=\"elementor-widget-container\">\n\t\t\t\t\t<h4 class=\"elementor-heading-title elementor-size-default\">One CAM software.<br>All your CNC machines.<\/h4>\t\t\t\t<\/div>\n\t\t\t\t<\/div>\n\t\t\t\t<div class=\"elementor-element elementor-element-4d6bc2a elementor-widget elementor-widget-text-editor\" data-id=\"4d6bc2a\" data-element_type=\"widget\" data-widget_type=\"text-editor.default\">\n\t\t\t\t<div class=\"elementor-widget-container\">\n\t\t\t\t\t\t\t\t\t<p>GibbsCAM has what it takes to program all your machines, from simple 2-axis to advanced machines with 20 axis.<\/p>\t\t\t\t\t\t\t\t<\/div>\n\t\t\t\t<\/div>\n\t\t\t\t<div class=\"elementor-element elementor-element-e80447c dce_masking-none elementor-widget elementor-widget-image\" data-id=\"e80447c\" data-element_type=\"widget\" data-widget_type=\"image.default\">\n\t\t\t\t<div class=\"elementor-widget-container\">\n\t\t\t\t\t\t\t\t\t\t\t\t\t\t\t<img decoding=\"async\" src=\"https:\/\/fructus.se\/wp-content\/uploads\/2023\/02\/GIBBSCAM_blue-blend-rev1200px.png\" title=\"GibbsCAM CNC programmering\" alt=\"GibbsCAM CAM program\" loading=\"lazy\" \/>\t\t\t\t\t\t\t\t\t\t\t\t\t\t\t<\/div>\n\t\t\t\t<\/div>\n\t\t\t\t<div class=\"elementor-element elementor-element-9a79387 elementor-widget elementor-widget-spacer\" data-id=\"9a79387\" data-element_type=\"widget\" data-widget_type=\"spacer.default\">\n\t\t\t\t<div class=\"elementor-widget-container\">\n\t\t\t\t\t\t\t<div class=\"elementor-spacer\">\n\t\t\t<div class=\"elementor-spacer-inner\"><\/div>\n\t\t<\/div>\n\t\t\t\t\t\t<\/div>\n\t\t\t\t<\/div>\n\t\t\t\t\t<\/div>\n\t\t<\/div>\n\t\t\t\t\t<\/div>\n\t\t<\/section>\n\t\t\t\t<\/div>","protected":false},"excerpt":{"rendered":"<p>GibbsCAM Probning Probning i CNC maskin GibbsCAM Probmodul GibbsCAM&#8217;s probmodul erbjuder en snabb, anv\u00e4ndarv\u00e4nlig och 100% CAM integrerad milj\u00f6 f\u00f6r programmering av m\u00e4tprob i CNC maskin. Skapa proboperationer lika enkelt som en vanlig borr-operation i GibbsCAM. Blanda fr\u00e4sning, svarvning och probning &#8211; helt fritt. Modulen eliminerar manuell programmering och os\u00e4kerhet vid probprogrammering. Standard eller special [&hellip;]<\/p>","protected":false},"author":1,"featured_media":0,"parent":656,"menu_order":3,"comment_status":"closed","ping_status":"closed","template":"","meta":{"footnotes":""},"class_list":["post-836","page","type-page","status-publish","hentry"],"acf":[],"yoast_head":"<!-- This site is optimized with the Yoast SEO plugin v25.7 - https:\/\/yoast.com\/wordpress\/plugins\/seo\/ -->\n<title>GIBBSCAM Probning - Fructus<\/title>\n<meta name=\"robots\" content=\"index, follow, max-snippet:-1, max-image-preview:large, max-video-preview:-1\" \/>\n<link rel=\"canonical\" href=\"https:\/\/fructus.se\/en\/program\/gibbscam\/gibbscam-probning\/\" \/>\n<meta property=\"og:locale\" content=\"en_GB\" \/>\n<meta property=\"og:type\" content=\"article\" \/>\n<meta property=\"og:title\" content=\"GIBBSCAM Probning - Fructus\" \/>\n<meta property=\"og:description\" content=\"GibbsCAM Probning Probning i CNC maskin GibbsCAM Probmodul GibbsCAM&#8217;s probmodul erbjuder en snabb, anv\u00e4ndarv\u00e4nlig och 100% CAM integrerad milj\u00f6 f\u00f6r programmering av m\u00e4tprob i CNC maskin. Skapa proboperationer lika enkelt som en vanlig borr-operation i GibbsCAM. Blanda fr\u00e4sning, svarvning och probning &#8211; helt fritt. Modulen eliminerar manuell programmering och os\u00e4kerhet vid probprogrammering. Standard eller special [&hellip;]\" \/>\n<meta property=\"og:url\" content=\"https:\/\/fructus.se\/en\/program\/gibbscam\/gibbscam-probning\/\" \/>\n<meta property=\"og:site_name\" content=\"Fructus\" \/>\n<meta property=\"article:modified_time\" content=\"2023-03-31T09:10:54+00:00\" \/>\n<meta property=\"og:image\" content=\"http:\/\/fructus.se\/wp-content\/uploads\/2023\/02\/GibbsCAM_Probing.png\" \/>\n<meta name=\"twitter:card\" content=\"summary_large_image\" \/>\n<meta name=\"twitter:label1\" content=\"Estimated reading time\" \/>\n\t<meta name=\"twitter:data1\" content=\"2 minutes\" \/>\n<script type=\"application\/ld+json\" class=\"yoast-schema-graph\">{\"@context\":\"https:\/\/schema.org\",\"@graph\":[{\"@type\":\"WebPage\",\"@id\":\"https:\/\/fructus.se\/program\/gibbscam\/gibbscam-probning\/\",\"url\":\"https:\/\/fructus.se\/program\/gibbscam\/gibbscam-probning\/\",\"name\":\"GIBBSCAM Probning - Fructus\",\"isPartOf\":{\"@id\":\"https:\/\/fructus.se\/#website\"},\"primaryImageOfPage\":{\"@id\":\"https:\/\/fructus.se\/program\/gibbscam\/gibbscam-probning\/#primaryimage\"},\"image\":{\"@id\":\"https:\/\/fructus.se\/program\/gibbscam\/gibbscam-probning\/#primaryimage\"},\"thumbnailUrl\":\"http:\/\/fructus.se\/wp-content\/uploads\/2023\/02\/GibbsCAM_Probing.png\",\"datePublished\":\"2023-02-13T09:55:09+00:00\",\"dateModified\":\"2023-03-31T09:10:54+00:00\",\"breadcrumb\":{\"@id\":\"https:\/\/fructus.se\/program\/gibbscam\/gibbscam-probning\/#breadcrumb\"},\"inLanguage\":\"en-GB\",\"potentialAction\":[{\"@type\":\"ReadAction\",\"target\":[\"https:\/\/fructus.se\/program\/gibbscam\/gibbscam-probning\/\"]}]},{\"@type\":\"ImageObject\",\"inLanguage\":\"en-GB\",\"@id\":\"https:\/\/fructus.se\/program\/gibbscam\/gibbscam-probning\/#primaryimage\",\"url\":\"http:\/\/fructus.se\/wp-content\/uploads\/2023\/02\/GibbsCAM_Probing.png\",\"contentUrl\":\"http:\/\/fructus.se\/wp-content\/uploads\/2023\/02\/GibbsCAM_Probing.png\"},{\"@type\":\"BreadcrumbList\",\"@id\":\"https:\/\/fructus.se\/program\/gibbscam\/gibbscam-probning\/#breadcrumb\",\"itemListElement\":[{\"@type\":\"ListItem\",\"position\":1,\"name\":\"Hem\",\"item\":\"https:\/\/fructus.se\/\"},{\"@type\":\"ListItem\",\"position\":2,\"name\":\"Program\",\"item\":\"https:\/\/fructus.se\/program\/\"},{\"@type\":\"ListItem\",\"position\":3,\"name\":\"GIBBSCAM\",\"item\":\"https:\/\/fructus.se\/program\/gibbscam\/\"},{\"@type\":\"ListItem\",\"position\":4,\"name\":\"GIBBSCAM Probning\"}]},{\"@type\":\"WebSite\",\"@id\":\"https:\/\/fructus.se\/#website\",\"url\":\"https:\/\/fructus.se\/\",\"name\":\"Fructus\",\"description\":\"CAD \/ CAM \/ CAE\",\"publisher\":{\"@id\":\"https:\/\/fructus.se\/#organization\"},\"potentialAction\":[{\"@type\":\"SearchAction\",\"target\":{\"@type\":\"EntryPoint\",\"urlTemplate\":\"https:\/\/fructus.se\/?s={search_term_string}\"},\"query-input\":{\"@type\":\"PropertyValueSpecification\",\"valueRequired\":true,\"valueName\":\"search_term_string\"}}],\"inLanguage\":\"en-GB\"},{\"@type\":\"Organization\",\"@id\":\"https:\/\/fructus.se\/#organization\",\"name\":\"Fructus\",\"url\":\"https:\/\/fructus.se\/\",\"logo\":{\"@type\":\"ImageObject\",\"inLanguage\":\"en-GB\",\"@id\":\"https:\/\/fructus.se\/#\/schema\/logo\/image\/\",\"url\":\"https:\/\/fructus.se\/wp-content\/uploads\/2022\/10\/fructus-logo.png\",\"contentUrl\":\"https:\/\/fructus.se\/wp-content\/uploads\/2022\/10\/fructus-logo.png\",\"width\":501,\"height\":125,\"caption\":\"Fructus\"},\"image\":{\"@id\":\"https:\/\/fructus.se\/#\/schema\/logo\/image\/\"}}]}<\/script>\n<!-- \/ Yoast SEO plugin. -->","yoast_head_json":{"title":"GIBBSCAM Probning - Fructus","robots":{"index":"index","follow":"follow","max-snippet":"max-snippet:-1","max-image-preview":"max-image-preview:large","max-video-preview":"max-video-preview:-1"},"canonical":"https:\/\/fructus.se\/en\/program\/gibbscam\/gibbscam-probning\/","og_locale":"en_GB","og_type":"article","og_title":"GIBBSCAM Probning - Fructus","og_description":"GibbsCAM Probning Probning i CNC maskin GibbsCAM Probmodul GibbsCAM&#8217;s probmodul erbjuder en snabb, anv\u00e4ndarv\u00e4nlig och 100% CAM integrerad milj\u00f6 f\u00f6r programmering av m\u00e4tprob i CNC maskin. Skapa proboperationer lika enkelt som en vanlig borr-operation i GibbsCAM. Blanda fr\u00e4sning, svarvning och probning &#8211; helt fritt. Modulen eliminerar manuell programmering och os\u00e4kerhet vid probprogrammering. Standard eller special [&hellip;]","og_url":"https:\/\/fructus.se\/en\/program\/gibbscam\/gibbscam-probning\/","og_site_name":"Fructus","article_modified_time":"2023-03-31T09:10:54+00:00","og_image":[{"url":"http:\/\/fructus.se\/wp-content\/uploads\/2023\/02\/GibbsCAM_Probing.png","type":"","width":"","height":""}],"twitter_card":"summary_large_image","twitter_misc":{"Estimated reading time":"2 minutes"},"schema":{"@context":"https:\/\/schema.org","@graph":[{"@type":"WebPage","@id":"https:\/\/fructus.se\/program\/gibbscam\/gibbscam-probning\/","url":"https:\/\/fructus.se\/program\/gibbscam\/gibbscam-probning\/","name":"GIBBSCAM Probning - Fructus","isPartOf":{"@id":"https:\/\/fructus.se\/#website"},"primaryImageOfPage":{"@id":"https:\/\/fructus.se\/program\/gibbscam\/gibbscam-probning\/#primaryimage"},"image":{"@id":"https:\/\/fructus.se\/program\/gibbscam\/gibbscam-probning\/#primaryimage"},"thumbnailUrl":"http:\/\/fructus.se\/wp-content\/uploads\/2023\/02\/GibbsCAM_Probing.png","datePublished":"2023-02-13T09:55:09+00:00","dateModified":"2023-03-31T09:10:54+00:00","breadcrumb":{"@id":"https:\/\/fructus.se\/program\/gibbscam\/gibbscam-probning\/#breadcrumb"},"inLanguage":"en-GB","potentialAction":[{"@type":"ReadAction","target":["https:\/\/fructus.se\/program\/gibbscam\/gibbscam-probning\/"]}]},{"@type":"ImageObject","inLanguage":"en-GB","@id":"https:\/\/fructus.se\/program\/gibbscam\/gibbscam-probning\/#primaryimage","url":"http:\/\/fructus.se\/wp-content\/uploads\/2023\/02\/GibbsCAM_Probing.png","contentUrl":"http:\/\/fructus.se\/wp-content\/uploads\/2023\/02\/GibbsCAM_Probing.png"},{"@type":"BreadcrumbList","@id":"https:\/\/fructus.se\/program\/gibbscam\/gibbscam-probning\/#breadcrumb","itemListElement":[{"@type":"ListItem","position":1,"name":"Hem","item":"https:\/\/fructus.se\/"},{"@type":"ListItem","position":2,"name":"Program","item":"https:\/\/fructus.se\/program\/"},{"@type":"ListItem","position":3,"name":"GIBBSCAM","item":"https:\/\/fructus.se\/program\/gibbscam\/"},{"@type":"ListItem","position":4,"name":"GIBBSCAM Probning"}]},{"@type":"WebSite","@id":"https:\/\/fructus.se\/#website","url":"https:\/\/fructus.se\/","name":"Fructus","description":"CAD \/ CAM \/ CAE","publisher":{"@id":"https:\/\/fructus.se\/#organization"},"potentialAction":[{"@type":"SearchAction","target":{"@type":"EntryPoint","urlTemplate":"https:\/\/fructus.se\/?s={search_term_string}"},"query-input":{"@type":"PropertyValueSpecification","valueRequired":true,"valueName":"search_term_string"}}],"inLanguage":"en-GB"},{"@type":"Organization","@id":"https:\/\/fructus.se\/#organization","name":"Fructus","url":"https:\/\/fructus.se\/","logo":{"@type":"ImageObject","inLanguage":"en-GB","@id":"https:\/\/fructus.se\/#\/schema\/logo\/image\/","url":"https:\/\/fructus.se\/wp-content\/uploads\/2022\/10\/fructus-logo.png","contentUrl":"https:\/\/fructus.se\/wp-content\/uploads\/2022\/10\/fructus-logo.png","width":501,"height":125,"caption":"Fructus"},"image":{"@id":"https:\/\/fructus.se\/#\/schema\/logo\/image\/"}}]}},"_links":{"self":[{"href":"https:\/\/fructus.se\/en\/wp-json\/wp\/v2\/pages\/836","targetHints":{"allow":["GET"]}}],"collection":[{"href":"https:\/\/fructus.se\/en\/wp-json\/wp\/v2\/pages"}],"about":[{"href":"https:\/\/fructus.se\/en\/wp-json\/wp\/v2\/types\/page"}],"author":[{"embeddable":true,"href":"https:\/\/fructus.se\/en\/wp-json\/wp\/v2\/users\/1"}],"replies":[{"embeddable":true,"href":"https:\/\/fructus.se\/en\/wp-json\/wp\/v2\/comments?post=836"}],"version-history":[{"count":0,"href":"https:\/\/fructus.se\/en\/wp-json\/wp\/v2\/pages\/836\/revisions"}],"up":[{"embeddable":true,"href":"https:\/\/fructus.se\/en\/wp-json\/wp\/v2\/pages\/656"}],"wp:attachment":[{"href":"https:\/\/fructus.se\/en\/wp-json\/wp\/v2\/media?parent=836"}],"curies":[{"name":"wp","href":"https:\/\/api.w.org\/{rel}","templated":true}]}}