{"id":6393,"date":"2025-03-11T13:20:09","date_gmt":"2025-03-11T13:20:09","guid":{"rendered":"https:\/\/fructus.se\/?page_id=6393"},"modified":"2025-03-11T13:26:16","modified_gmt":"2025-03-11T13:26:16","slug":"jobb","status":"publish","type":"page","link":"https:\/\/fructus.se\/en\/jobb\/","title":{"rendered":"Jobb"},"content":{"rendered":"<div data-elementor-type=\"wp-page\" data-elementor-id=\"6393\" class=\"elementor elementor-6393\" data-elementor-post-type=\"page\">\n\t\t\t\t\t\t<section data-dce-background-overlay-color=\"#02080E00\" data-dce-background-image-url=\"http:\/\/fructus.se\/wp-content\/uploads\/2023\/03\/test3.jpg\" class=\"elementor-section elementor-top-section elementor-element elementor-element-52c69fb5 elementor-section-boxed elementor-section-height-default elementor-section-height-default\" data-id=\"52c69fb5\" data-element_type=\"section\" data-settings=\"{&quot;background_background&quot;:&quot;classic&quot;}\">\n\t\t\t\t\t\t\t<div class=\"elementor-background-overlay\"><\/div>\n\t\t\t\t\t\t\t<div class=\"elementor-container elementor-column-gap-default\">\n\t\t\t\t\t<div class=\"elementor-column elementor-col-100 elementor-top-column elementor-element elementor-element-291e7a1\" data-id=\"291e7a1\" data-element_type=\"column\">\n\t\t\t<div class=\"elementor-widget-wrap elementor-element-populated\">\n\t\t\t\t\t\t<section class=\"elementor-section elementor-inner-section elementor-element elementor-element-25dd3777 elementor-section-boxed elementor-section-height-default elementor-section-height-default\" data-id=\"25dd3777\" data-element_type=\"section\">\n\t\t\t\t\t\t<div class=\"elementor-container elementor-column-gap-default\">\n\t\t\t\t\t<div class=\"elementor-column elementor-col-100 elementor-inner-column elementor-element elementor-element-5af32ec7\" data-id=\"5af32ec7\" data-element_type=\"column\">\n\t\t\t<div class=\"elementor-widget-wrap elementor-element-populated\">\n\t\t\t\t\t\t<section class=\"elementor-section elementor-inner-section elementor-element elementor-element-314825f elementor-section-boxed elementor-section-height-default elementor-section-height-default\" data-id=\"314825f\" data-element_type=\"section\">\n\t\t\t\t\t\t<div class=\"elementor-container elementor-column-gap-default\">\n\t\t\t\t\t<div class=\"elementor-column elementor-col-100 elementor-inner-column elementor-element elementor-element-1fd4ae2\" data-id=\"1fd4ae2\" data-element_type=\"column\">\n\t\t\t<div class=\"elementor-widget-wrap elementor-element-populated\">\n\t\t\t\t\t\t<div class=\"elementor-element elementor-element-2da1640 elementor-widget elementor-widget-heading\" data-id=\"2da1640\" data-element_type=\"widget\" data-widget_type=\"heading.default\">\n\t\t\t\t<div class=\"elementor-widget-container\">\n\t\t\t\t\t<h4 class=\"elementor-heading-title elementor-size-default\">Jobba hos Fructus<\/h4>\t\t\t\t<\/div>\n\t\t\t\t<\/div>\n\t\t\t\t<div class=\"elementor-element elementor-element-4672ba6 elementor-mobile-align-center elementor-widget elementor-widget-breadcrumbs\" data-id=\"4672ba6\" data-element_type=\"widget\" data-widget_type=\"breadcrumbs.default\">\n\t\t\t\t<div class=\"elementor-widget-container\">\n\t\t\t\t\t<p id=\"breadcrumbs\"><span><span><a href=\"https:\/\/fructus.se\/en\/\">Home<\/a><\/span><\/span><\/p>\t\t\t\t<\/div>\n\t\t\t\t<\/div>\n\t\t\t\t\t<\/div>\n\t\t<\/div>\n\t\t\t\t\t<\/div>\n\t\t<\/section>\n\t\t\t\t\t<\/div>\n\t\t<\/div>\n\t\t\t\t\t<\/div>\n\t\t<\/section>\n\t\t\t\t\t<\/div>\n\t\t<\/div>\n\t\t\t\t\t<\/div>\n\t\t<\/section>\n\t\t\t\t<section class=\"elementor-section elementor-top-section elementor-element elementor-element-18e3454 elementor-section-boxed elementor-section-height-default elementor-section-height-default\" data-id=\"18e3454\" data-element_type=\"section\" data-settings=\"{&quot;background_background&quot;:&quot;classic&quot;}\">\n\t\t\t\t\t\t<div class=\"elementor-container elementor-column-gap-default\">\n\t\t\t\t\t<div class=\"elementor-column elementor-col-50 elementor-top-column elementor-element elementor-element-1b7417f\" data-id=\"1b7417f\" data-element_type=\"column\">\n\t\t\t<div class=\"elementor-widget-wrap elementor-element-populated\">\n\t\t\t\t\t\t<div class=\"elementor-element elementor-element-9bbfdb3 dce_masking-none elementor-widget elementor-widget-image\" data-id=\"9bbfdb3\" data-element_type=\"widget\" data-widget_type=\"image.default\">\n\t\t\t\t<div class=\"elementor-widget-container\">\n\t\t\t\t\t\t\t\t\t\t\t\t\t\t\t<img fetchpriority=\"high\" decoding=\"async\" width=\"1241\" height=\"380\" src=\"https:\/\/fructus.se\/wp-content\/uploads\/2023\/03\/Fructus-logo-vit-bakgr.png\" class=\"attachment-full size-full wp-image-3537\" alt=\"\" srcset=\"https:\/\/fructus.se\/wp-content\/uploads\/2023\/03\/Fructus-logo-vit-bakgr.png 1241w, https:\/\/fructus.se\/wp-content\/uploads\/2023\/03\/Fructus-logo-vit-bakgr-300x92.png 300w, https:\/\/fructus.se\/wp-content\/uploads\/2023\/03\/Fructus-logo-vit-bakgr-1024x314.png 1024w, https:\/\/fructus.se\/wp-content\/uploads\/2023\/03\/Fructus-logo-vit-bakgr-768x235.png 768w\" sizes=\"(max-width: 1241px) 100vw, 1241px\" \/>\t\t\t\t\t\t\t\t\t\t\t\t\t\t\t<\/div>\n\t\t\t\t<\/div>\n\t\t\t\t<div class=\"elementor-element elementor-element-cd57d59 elementor-widget elementor-widget-spacer\" data-id=\"cd57d59\" data-element_type=\"widget\" data-widget_type=\"spacer.default\">\n\t\t\t\t<div class=\"elementor-widget-container\">\n\t\t\t\t\t\t\t<div class=\"elementor-spacer\">\n\t\t\t<div class=\"elementor-spacer-inner\"><\/div>\n\t\t<\/div>\n\t\t\t\t\t\t<\/div>\n\t\t\t\t<\/div>\n\t\t\t\t\t<\/div>\n\t\t<\/div>\n\t\t\t\t<div class=\"elementor-column elementor-col-50 elementor-top-column elementor-element elementor-element-893eeef\" data-id=\"893eeef\" data-element_type=\"column\">\n\t\t\t<div class=\"elementor-widget-wrap elementor-element-populated\">\n\t\t\t\t\t\t<div class=\"elementor-element elementor-element-b98547f elementor-widget elementor-widget-heading\" data-id=\"b98547f\" data-element_type=\"widget\" data-widget_type=\"heading.default\">\n\t\t\t\t<div class=\"elementor-widget-container\">\n\t\t\t\t\t<p class=\"elementor-heading-title elementor-size-default\">Vi anst\u00e4ller!<\/p>\t\t\t\t<\/div>\n\t\t\t\t<\/div>\n\t\t\t\t<div class=\"elementor-element elementor-element-df1fa5d elementor-widget elementor-widget-heading\" data-id=\"df1fa5d\" data-element_type=\"widget\" data-widget_type=\"heading.default\">\n\t\t\t\t<div class=\"elementor-widget-container\">\n\t\t\t\t\t<h2 class=\"elementor-heading-title elementor-size-default\">Vi beh\u00f6ver st\u00e4rka upp v\u00e5r v\u00e4lrenommerade supportavdelning med en Application Engineer.\n<\/h2>\t\t\t\t<\/div>\n\t\t\t\t<\/div>\n\t\t\t\t<div class=\"elementor-element elementor-element-4574384 elementor-widget elementor-widget-text-editor\" data-id=\"4574384\" data-element_type=\"widget\" data-widget_type=\"text-editor.default\">\n\t\t\t\t<div class=\"elementor-widget-container\">\n\t\t\t\t\t\t\t\t\t<h4>Om jobbet<\/h4><p>Tj\u00e4nsten som\u00a0Application\u00a0Engineer\u00a0p\u00e5 GibbsCAM \u00e4r teknik-, service- och kundorienterad och inneb\u00e4r att du beh\u00f6ver ha god k\u00e4nnedom om programmering av CNC-maskiner. Arbetet omfattar support samt utveckling av maskinmodeller med tillh\u00f6rande MDD-filer, VMM-filer, fixturer och bash\u00e5llare via\u00a0Intermediate\u00a0Tooling. \u00c4r du r\u00e4tt person kan \u00e4ven \u00e4ndringar i postprocessorer bli aktuellt.<\/p><h4>General<\/h4><p>F\u00f6rekommande arbetsuppgifter, f\u00f6rutom telefonsupport och direktuppkoppling till kunds dator via TeamViewer, kan vara:<\/p><p>\u00b7 Uppstart och test mot CNC maskiner<\/p><p>\u00b7 L\u00f6pande kontakt med kunder, maskinleverant\u00f6rer och\u00a0GibbsCAM&#8217;s\u00a0olika avdelningar<\/p><p>\u00b7 Resor med \u00f6vernattningar kan f\u00f6rekomma, uppskattas till cirka en g\u00e5ng per kvartal<\/p><p>\u00b7 Arbete p\u00e5 m\u00e4ssor\/\u00f6ppna hus kan f\u00f6rekomma n\u00e5gon g\u00e5ng per \u00e5r<\/p><h4>Krav<\/h4><p>God kunskap av ISO-programmering i\u00a0Fanuc, Heidenhain, Siemens eller liknande<\/p><p>God kunskap i svenska och engelska i tal &amp; skrift<\/p><p>B-k\u00f6rkort<\/p><h4>\u00d6vrigt<\/h4><p>Befintliga kunskaper i GibbsCAM \u00e4r ett plus<\/p><h4>L\u00f6n och anst\u00e4llningens start<\/h4><p>Efter \u00f6verenskommelse.<\/p><h4>Ans\u00f6kan<\/h4><p>Ans\u00f6kan sker enbart via e-mail och skickas, tillsammans med CV och personligt brev, till\u00a0<a href=\"mailto:per.gustafsson@fructus.se\" target=\"_blank\" rel=\"noopener\"><b>per.gustafsson@fructus.se<\/b><\/a><\/p><p><b>Vi ser fram emot din ans\u00f6kan!<\/b><\/p>\t\t\t\t\t\t\t\t<\/div>\n\t\t\t\t<\/div>\n\t\t\t\t<div class=\"elementor-element elementor-element-a741a77 elementor-widget elementor-widget-spacer\" data-id=\"a741a77\" data-element_type=\"widget\" data-widget_type=\"spacer.default\">\n\t\t\t\t<div class=\"elementor-widget-container\">\n\t\t\t\t\t\t\t<div class=\"elementor-spacer\">\n\t\t\t<div class=\"elementor-spacer-inner\"><\/div>\n\t\t<\/div>\n\t\t\t\t\t\t<\/div>\n\t\t\t\t<\/div>\n\t\t\t\t\t<\/div>\n\t\t<\/div>\n\t\t\t\t\t<\/div>\n\t\t<\/section>\n\t\t\t\t<\/div>","protected":false},"excerpt":{"rendered":"<p>Jobba hos Fructus Vi anst\u00e4ller! Vi beh\u00f6ver st\u00e4rka upp v\u00e5r v\u00e4lrenommerade supportavdelning med en Application Engineer. Om jobbet Tj\u00e4nsten som\u00a0Application\u00a0Engineer\u00a0p\u00e5 GibbsCAM \u00e4r teknik-, service- och kundorienterad och inneb\u00e4r att du beh\u00f6ver ha god k\u00e4nnedom om programmering av CNC-maskiner. Arbetet omfattar support samt utveckling av maskinmodeller med tillh\u00f6rande MDD-filer, VMM-filer, fixturer och bash\u00e5llare via\u00a0Intermediate\u00a0Tooling. \u00c4r du [&hellip;]<\/p>","protected":false},"author":1,"featured_media":0,"parent":0,"menu_order":0,"comment_status":"closed","ping_status":"closed","template":"","meta":{"footnotes":""},"class_list":["post-6393","page","type-page","status-publish","hentry"],"acf":[],"yoast_head":"<!-- This site is optimized with the Yoast SEO plugin v25.7 - https:\/\/yoast.com\/wordpress\/plugins\/seo\/ -->\n<title>Jobb - Fructus<\/title>\n<meta name=\"description\" content=\"CAD\/CAM utbildning - grundkurser och p\u00e5byggnadskurser i GibbsCAM f\u00f6r CNC programmering av alla typer av CNC maskiner.\" \/>\n<meta name=\"robots\" content=\"index, follow, max-snippet:-1, max-image-preview:large, max-video-preview:-1\" \/>\n<link rel=\"canonical\" href=\"https:\/\/fructus.se\/en\/jobb\/\" \/>\n<meta property=\"og:locale\" content=\"en_GB\" \/>\n<meta property=\"og:type\" content=\"article\" \/>\n<meta property=\"og:title\" content=\"Jobb - Fructus\" \/>\n<meta property=\"og:description\" content=\"CAD\/CAM utbildning - grundkurser och p\u00e5byggnadskurser i GibbsCAM f\u00f6r CNC programmering av alla typer av CNC maskiner.\" \/>\n<meta property=\"og:url\" content=\"https:\/\/fructus.se\/en\/jobb\/\" \/>\n<meta property=\"og:site_name\" content=\"Fructus\" \/>\n<meta property=\"article:modified_time\" content=\"2025-03-11T13:26:16+00:00\" \/>\n<meta property=\"og:image\" content=\"https:\/\/fructus.se\/wp-content\/uploads\/2023\/03\/Fructus-logo-vit-bakgr.png\" \/>\n\t<meta property=\"og:image:width\" content=\"1241\" \/>\n\t<meta property=\"og:image:height\" content=\"380\" \/>\n\t<meta property=\"og:image:type\" content=\"image\/png\" \/>\n<meta name=\"twitter:card\" content=\"summary_large_image\" \/>\n<meta name=\"twitter:label1\" content=\"Estimated reading time\" \/>\n\t<meta name=\"twitter:data1\" content=\"2 minutes\" \/>\n<script type=\"application\/ld+json\" class=\"yoast-schema-graph\">{\"@context\":\"https:\/\/schema.org\",\"@graph\":[{\"@type\":\"WebPage\",\"@id\":\"https:\/\/fructus.se\/jobb\/\",\"url\":\"https:\/\/fructus.se\/jobb\/\",\"name\":\"Jobb - Fructus\",\"isPartOf\":{\"@id\":\"https:\/\/fructus.se\/#website\"},\"primaryImageOfPage\":{\"@id\":\"https:\/\/fructus.se\/jobb\/#primaryimage\"},\"image\":{\"@id\":\"https:\/\/fructus.se\/jobb\/#primaryimage\"},\"thumbnailUrl\":\"http:\/\/fructus.se\/wp-content\/uploads\/2023\/03\/Fructus-logo-vit-bakgr.png\",\"datePublished\":\"2025-03-11T13:20:09+00:00\",\"dateModified\":\"2025-03-11T13:26:16+00:00\",\"description\":\"CAD\/CAM utbildning - grundkurser och p\u00e5byggnadskurser i GibbsCAM f\u00f6r CNC programmering av alla typer av CNC maskiner.\",\"breadcrumb\":{\"@id\":\"https:\/\/fructus.se\/jobb\/#breadcrumb\"},\"inLanguage\":\"en-GB\",\"potentialAction\":[{\"@type\":\"ReadAction\",\"target\":[\"https:\/\/fructus.se\/jobb\/\"]}]},{\"@type\":\"ImageObject\",\"inLanguage\":\"en-GB\",\"@id\":\"https:\/\/fructus.se\/jobb\/#primaryimage\",\"url\":\"http:\/\/fructus.se\/wp-content\/uploads\/2023\/03\/Fructus-logo-vit-bakgr.png\",\"contentUrl\":\"http:\/\/fructus.se\/wp-content\/uploads\/2023\/03\/Fructus-logo-vit-bakgr.png\"},{\"@type\":\"BreadcrumbList\",\"@id\":\"https:\/\/fructus.se\/jobb\/#breadcrumb\",\"itemListElement\":[{\"@type\":\"ListItem\",\"position\":1,\"name\":\"Hem\",\"item\":\"https:\/\/fructus.se\/\"},{\"@type\":\"ListItem\",\"position\":2,\"name\":\"Jobb\"}]},{\"@type\":\"WebSite\",\"@id\":\"https:\/\/fructus.se\/#website\",\"url\":\"https:\/\/fructus.se\/\",\"name\":\"Fructus\",\"description\":\"CAD \/ CAM \/ CAE\",\"publisher\":{\"@id\":\"https:\/\/fructus.se\/#organization\"},\"potentialAction\":[{\"@type\":\"SearchAction\",\"target\":{\"@type\":\"EntryPoint\",\"urlTemplate\":\"https:\/\/fructus.se\/?s={search_term_string}\"},\"query-input\":{\"@type\":\"PropertyValueSpecification\",\"valueRequired\":true,\"valueName\":\"search_term_string\"}}],\"inLanguage\":\"en-GB\"},{\"@type\":\"Organization\",\"@id\":\"https:\/\/fructus.se\/#organization\",\"name\":\"Fructus\",\"url\":\"https:\/\/fructus.se\/\",\"logo\":{\"@type\":\"ImageObject\",\"inLanguage\":\"en-GB\",\"@id\":\"https:\/\/fructus.se\/#\/schema\/logo\/image\/\",\"url\":\"https:\/\/fructus.se\/wp-content\/uploads\/2022\/10\/fructus-logo.png\",\"contentUrl\":\"https:\/\/fructus.se\/wp-content\/uploads\/2022\/10\/fructus-logo.png\",\"width\":501,\"height\":125,\"caption\":\"Fructus\"},\"image\":{\"@id\":\"https:\/\/fructus.se\/#\/schema\/logo\/image\/\"}}]}<\/script>\n<!-- \/ Yoast SEO plugin. -->","yoast_head_json":{"title":"Jobb - Fructus","description":"CAD\/CAM utbildning - grundkurser och p\u00e5byggnadskurser i GibbsCAM f\u00f6r CNC programmering av alla typer av CNC maskiner.","robots":{"index":"index","follow":"follow","max-snippet":"max-snippet:-1","max-image-preview":"max-image-preview:large","max-video-preview":"max-video-preview:-1"},"canonical":"https:\/\/fructus.se\/en\/jobb\/","og_locale":"en_GB","og_type":"article","og_title":"Jobb - Fructus","og_description":"CAD\/CAM utbildning - grundkurser och p\u00e5byggnadskurser i GibbsCAM f\u00f6r CNC programmering av alla typer av CNC maskiner.","og_url":"https:\/\/fructus.se\/en\/jobb\/","og_site_name":"Fructus","article_modified_time":"2025-03-11T13:26:16+00:00","og_image":[{"width":1241,"height":380,"url":"https:\/\/fructus.se\/wp-content\/uploads\/2023\/03\/Fructus-logo-vit-bakgr.png","type":"image\/png"}],"twitter_card":"summary_large_image","twitter_misc":{"Estimated reading time":"2 minutes"},"schema":{"@context":"https:\/\/schema.org","@graph":[{"@type":"WebPage","@id":"https:\/\/fructus.se\/jobb\/","url":"https:\/\/fructus.se\/jobb\/","name":"Jobb - Fructus","isPartOf":{"@id":"https:\/\/fructus.se\/#website"},"primaryImageOfPage":{"@id":"https:\/\/fructus.se\/jobb\/#primaryimage"},"image":{"@id":"https:\/\/fructus.se\/jobb\/#primaryimage"},"thumbnailUrl":"http:\/\/fructus.se\/wp-content\/uploads\/2023\/03\/Fructus-logo-vit-bakgr.png","datePublished":"2025-03-11T13:20:09+00:00","dateModified":"2025-03-11T13:26:16+00:00","description":"CAD\/CAM utbildning - grundkurser och p\u00e5byggnadskurser i GibbsCAM f\u00f6r CNC programmering av alla typer av CNC maskiner.","breadcrumb":{"@id":"https:\/\/fructus.se\/jobb\/#breadcrumb"},"inLanguage":"en-GB","potentialAction":[{"@type":"ReadAction","target":["https:\/\/fructus.se\/jobb\/"]}]},{"@type":"ImageObject","inLanguage":"en-GB","@id":"https:\/\/fructus.se\/jobb\/#primaryimage","url":"http:\/\/fructus.se\/wp-content\/uploads\/2023\/03\/Fructus-logo-vit-bakgr.png","contentUrl":"http:\/\/fructus.se\/wp-content\/uploads\/2023\/03\/Fructus-logo-vit-bakgr.png"},{"@type":"BreadcrumbList","@id":"https:\/\/fructus.se\/jobb\/#breadcrumb","itemListElement":[{"@type":"ListItem","position":1,"name":"Hem","item":"https:\/\/fructus.se\/"},{"@type":"ListItem","position":2,"name":"Jobb"}]},{"@type":"WebSite","@id":"https:\/\/fructus.se\/#website","url":"https:\/\/fructus.se\/","name":"Fructus","description":"CAD \/ CAM \/ CAE","publisher":{"@id":"https:\/\/fructus.se\/#organization"},"potentialAction":[{"@type":"SearchAction","target":{"@type":"EntryPoint","urlTemplate":"https:\/\/fructus.se\/?s={search_term_string}"},"query-input":{"@type":"PropertyValueSpecification","valueRequired":true,"valueName":"search_term_string"}}],"inLanguage":"en-GB"},{"@type":"Organization","@id":"https:\/\/fructus.se\/#organization","name":"Fructus","url":"https:\/\/fructus.se\/","logo":{"@type":"ImageObject","inLanguage":"en-GB","@id":"https:\/\/fructus.se\/#\/schema\/logo\/image\/","url":"https:\/\/fructus.se\/wp-content\/uploads\/2022\/10\/fructus-logo.png","contentUrl":"https:\/\/fructus.se\/wp-content\/uploads\/2022\/10\/fructus-logo.png","width":501,"height":125,"caption":"Fructus"},"image":{"@id":"https:\/\/fructus.se\/#\/schema\/logo\/image\/"}}]}},"_links":{"self":[{"href":"https:\/\/fructus.se\/en\/wp-json\/wp\/v2\/pages\/6393","targetHints":{"allow":["GET"]}}],"collection":[{"href":"https:\/\/fructus.se\/en\/wp-json\/wp\/v2\/pages"}],"about":[{"href":"https:\/\/fructus.se\/en\/wp-json\/wp\/v2\/types\/page"}],"author":[{"embeddable":true,"href":"https:\/\/fructus.se\/en\/wp-json\/wp\/v2\/users\/1"}],"replies":[{"embeddable":true,"href":"https:\/\/fructus.se\/en\/wp-json\/wp\/v2\/comments?post=6393"}],"version-history":[{"count":0,"href":"https:\/\/fructus.se\/en\/wp-json\/wp\/v2\/pages\/6393\/revisions"}],"wp:attachment":[{"href":"https:\/\/fructus.se\/en\/wp-json\/wp\/v2\/media?parent=6393"}],"curies":[{"name":"wp","href":"https:\/\/api.w.org\/{rel}","templated":true}]}}