{"id":492,"date":"2023-01-23T15:04:31","date_gmt":"2023-01-23T15:04:31","guid":{"rendered":"http:\/\/fructus.se\/?page_id=492"},"modified":"2023-03-20T14:33:13","modified_gmt":"2023-03-20T14:33:13","slug":"privatpolicy","status":"publish","type":"page","link":"https:\/\/fructus.se\/en\/privatpolicy\/","title":{"rendered":"Privacy Policy"},"content":{"rendered":"<div data-elementor-type=\"wp-page\" data-elementor-id=\"492\" class=\"elementor elementor-492\" data-elementor-post-type=\"page\">\n\t\t\t\t\t\t<section data-dce-background-overlay-color=\"#1D1D1D00\" data-dce-background-image-url=\"http:\/\/fructus.se\/wp-content\/uploads\/2022\/12\/Samarbete-mellan-Sandvik-och-GibbsCAM-ett-lyft-i-GibbsCAM-2023.jpg\" class=\"elementor-section elementor-top-section elementor-element elementor-element-e527f01 elementor-section-boxed elementor-section-height-default elementor-section-height-default\" data-id=\"e527f01\" data-element_type=\"section\" data-settings=\"{&quot;background_background&quot;:&quot;classic&quot;}\">\n\t\t\t\t\t\t\t<div class=\"elementor-background-overlay\"><\/div>\n\t\t\t\t\t\t\t<div class=\"elementor-container elementor-column-gap-default\">\n\t\t\t\t\t<div class=\"elementor-column elementor-col-100 elementor-top-column elementor-element elementor-element-25d1b03\" data-id=\"25d1b03\" data-element_type=\"column\">\n\t\t\t<div class=\"elementor-widget-wrap elementor-element-populated\">\n\t\t\t\t\t\t<section class=\"elementor-section elementor-inner-section elementor-element elementor-element-8277228 elementor-section-boxed elementor-section-height-default elementor-section-height-default\" data-id=\"8277228\" data-element_type=\"section\">\n\t\t\t\t\t\t<div class=\"elementor-container elementor-column-gap-default\">\n\t\t\t\t\t<div class=\"elementor-column elementor-col-100 elementor-inner-column elementor-element elementor-element-fdf254b\" data-id=\"fdf254b\" data-element_type=\"column\">\n\t\t\t<div class=\"elementor-widget-wrap elementor-element-populated\">\n\t\t\t\t\t\t<section class=\"elementor-section elementor-inner-section elementor-element elementor-element-cc72676 elementor-section-boxed elementor-section-height-default elementor-section-height-default\" data-id=\"cc72676\" data-element_type=\"section\">\n\t\t\t\t\t\t<div class=\"elementor-container elementor-column-gap-default\">\n\t\t\t\t\t<div class=\"elementor-column elementor-col-100 elementor-inner-column elementor-element elementor-element-7341148\" data-id=\"7341148\" data-element_type=\"column\">\n\t\t\t<div class=\"elementor-widget-wrap elementor-element-populated\">\n\t\t\t\t\t\t<div class=\"elementor-element elementor-element-a69c063 elementor-widget elementor-widget-heading\" data-id=\"a69c063\" data-element_type=\"widget\" data-widget_type=\"heading.default\">\n\t\t\t\t<div class=\"elementor-widget-container\">\n\t\t\t\t\t<h4 class=\"elementor-heading-title elementor-size-default\">Personuppgiftspolicy<\/h4>\t\t\t\t<\/div>\n\t\t\t\t<\/div>\n\t\t\t\t<div class=\"elementor-element elementor-element-4e35713 elementor-widget elementor-widget-breadcrumbs\" data-id=\"4e35713\" data-element_type=\"widget\" data-widget_type=\"breadcrumbs.default\">\n\t\t\t\t<div class=\"elementor-widget-container\">\n\t\t\t\t\t<p id=\"breadcrumbs\"><span><span><a href=\"https:\/\/fructus.se\/en\/\">Home<\/a><\/span><\/span><\/p>\t\t\t\t<\/div>\n\t\t\t\t<\/div>\n\t\t\t\t\t<\/div>\n\t\t<\/div>\n\t\t\t\t\t<\/div>\n\t\t<\/section>\n\t\t\t\t\t<\/div>\n\t\t<\/div>\n\t\t\t\t\t<\/div>\n\t\t<\/section>\n\t\t\t\t\t<\/div>\n\t\t<\/div>\n\t\t\t\t\t<\/div>\n\t\t<\/section>\n\t\t\t\t<section class=\"elementor-section elementor-top-section elementor-element elementor-element-6182a3f1 elementor-section-boxed elementor-section-height-default elementor-section-height-default\" data-id=\"6182a3f1\" data-element_type=\"section\" data-settings=\"{&quot;background_background&quot;:&quot;classic&quot;}\">\n\t\t\t\t\t\t<div class=\"elementor-container elementor-column-gap-default\">\n\t\t\t\t\t<div class=\"elementor-column elementor-col-33 elementor-top-column elementor-element elementor-element-f347ce4\" data-id=\"f347ce4\" data-element_type=\"column\">\n\t\t\t<div class=\"elementor-widget-wrap elementor-element-populated\">\n\t\t\t\t\t\t<div class=\"elementor-element elementor-element-9cfcc20 elementor-widget elementor-widget-spacer\" data-id=\"9cfcc20\" data-element_type=\"widget\" data-widget_type=\"spacer.default\">\n\t\t\t\t<div class=\"elementor-widget-container\">\n\t\t\t\t\t\t\t<div class=\"elementor-spacer\">\n\t\t\t<div class=\"elementor-spacer-inner\"><\/div>\n\t\t<\/div>\n\t\t\t\t\t\t<\/div>\n\t\t\t\t<\/div>\n\t\t\t\t\t<\/div>\n\t\t<\/div>\n\t\t\t\t<div class=\"elementor-column elementor-col-33 elementor-top-column elementor-element elementor-element-690c4948\" data-id=\"690c4948\" data-element_type=\"column\">\n\t\t\t<div class=\"elementor-widget-wrap elementor-element-populated\">\n\t\t\t\t\t\t<div class=\"elementor-element elementor-element-3825e205 elementor-widget elementor-widget-heading\" data-id=\"3825e205\" data-element_type=\"widget\" data-widget_type=\"heading.default\">\n\t\t\t\t<div class=\"elementor-widget-container\">\n\t\t\t\t\t<p class=\"elementor-heading-title elementor-size-default\">GDPR<\/p>\t\t\t\t<\/div>\n\t\t\t\t<\/div>\n\t\t\t\t<div class=\"elementor-element elementor-element-19dd8bb5 elementor-widget elementor-widget-heading\" data-id=\"19dd8bb5\" data-element_type=\"widget\" data-widget_type=\"heading.default\">\n\t\t\t\t<div class=\"elementor-widget-container\">\n\t\t\t\t\t<h2 class=\"elementor-heading-title elementor-size-default\">Privacy Policy<\/h2>\t\t\t\t<\/div>\n\t\t\t\t<\/div>\n\t\t\t\t<div class=\"elementor-element elementor-element-6eaec827 elementor-widget elementor-widget-text-editor\" data-id=\"6eaec827\" data-element_type=\"widget\" data-widget_type=\"text-editor.default\">\n\t\t\t\t<div class=\"elementor-widget-container\">\n\t\t\t\t\t\t\t\t\t<p style=\"text-align: left;\"><strong>Fructus Data AB (hereinafter referred to as Fructus) \u2013 policy regarding personal data<\/strong><\/p><p style=\"text-align: left;\"><strong>General<\/strong><br \/>On May 25, 2018, the new EU data protection law (GDPR) entered into force for all member states. In order to meet the requirements of this law, we at Fructus have updated our privacy policy. It contains detailed information about how we use and protect your personal information and your rights in connection with this. We respect your privacy and are transparent and open with what data we collect and that we protect the data from being used in the wrong way.<br \/>Our personal data policy describes what data we collect, for what purpose it is collected, how you can have control over your own data and how you can contact us. The policy applies when you use websites and services administered by Fructus. We are responsible for personal data in accordance with these conditions and are responsible for processing in accordance with current legislation.<\/p><p style=\"text-align: left;\"><strong>Personal data that we collect<\/strong><br \/>We process personal data that you provide to us by filling in information on our website or in connection with an interaction. Examples of personal data we collect are company name, your name and your email address. Fructus registers personal data in these situations:<br \/>\u2022 When you fill in your personal data on the website.<br \/>\u2022 If you contact us by email, by phone, our website or social media.<br \/>\u2022 If you visit us at a fair, open house or other event.<br \/>\u2022 If you sign up for our newsletter.<\/p><p style=\"text-align: left;\"><strong>Collection with Consent<\/strong><br \/>By clicking the \"I approve\" button when filling out a form, you agree that the personal data, such as company name, name and email address that you enter on this website may be used for marketing purposes for the service\/product exposed in connection to where you are asked to fill in your personal data.<\/p><p style=\"text-align: left;\"><strong>How we use collected information<\/strong><br \/>Fructus processes personal data mainly for the purposes stated below as well as for any additional purposes stated at the time of collection:<br \/>\u2022 Facilitate good customer service by enabling you to download updates and other material from this website that you may find useful in the use of the product(s) you purchased<br \/>\u2022 Enable good customer service, such as handling your requests, correcting incorrect information or sending information that you have requested<br \/>\u2022 To send you information and marketing via e-mail, when you have an active customer relationship with us<br \/>\u2022 To contact you by email about other offers, promotions or services that we think may be of interest to you, please note that you can opt out of this marketing at any time<br \/>\u2022 To send you important user information such as service bulletins for the product(s) you purchased, as well as communications about changes to our terms and policies<\/p><p style=\"text-align: left;\"><strong>How long is information stored?<\/strong><br \/>By providing information to Fructus, you give your permission for Fructus to register and store the specified personal data for specified purposes. As a legal basis for processing, We will refer to legitimate interest or consent. Please note that you can withdraw your consent at any time by contacting us, for contact details visit\u00a0<a href=\"https:\/\/fructus.se\/en\/kontakt\/\">https:\/\/fructus.se\/en\/kontakt\/<\/a>\u00a0.<br \/>The processing takes place in accordance with current legislation and means that personal data is not preserved for a longer period of time than is necessary with regard to the purposes of the processing. The company will store your personal data as long as you are a customer with us. Certain information can be kept longer when required due to other legal requirements, such as the Accounting Act. In all handling of personal data, however, a high level of security and confidentiality is always observed.<\/p><p style=\"text-align: left;\"><strong>Your rights<\/strong><br \/>You have the right to receive information about the personal data stored by us about you. In addition, you can, according to the statutory conditions, request the correction of incorrect data, limitation of data or deletion of your personal data. You also have the right to object to the treatment based on a balancing of interests.<\/p><p style=\"text-align: left;\"><strong>How to contact us<\/strong><br \/>If you have questions or if you would like information or corrections about which of your personal data Fructus processes, you can send a signed request to:<br \/>Fructus Data AB, Stors\u00e4tragr\u00e4nd 5, 12739 Sk\u00e4rholmen, Sweden<\/p>\t\t\t\t\t\t\t\t<\/div>\n\t\t\t\t<\/div>\n\t\t\t\t\t<\/div>\n\t\t<\/div>\n\t\t\t\t<div class=\"elementor-column elementor-col-33 elementor-top-column elementor-element elementor-element-6ac2d7ee\" data-id=\"6ac2d7ee\" data-element_type=\"column\">\n\t\t\t<div class=\"elementor-widget-wrap elementor-element-populated\">\n\t\t\t\t\t\t<div class=\"elementor-element elementor-element-2b123de elementor-widget elementor-widget-spacer\" data-id=\"2b123de\" data-element_type=\"widget\" data-widget_type=\"spacer.default\">\n\t\t\t\t<div class=\"elementor-widget-container\">\n\t\t\t\t\t\t\t<div class=\"elementor-spacer\">\n\t\t\t<div class=\"elementor-spacer-inner\"><\/div>\n\t\t<\/div>\n\t\t\t\t\t\t<\/div>\n\t\t\t\t<\/div>\n\t\t\t\t\t<\/div>\n\t\t<\/div>\n\t\t\t\t\t<\/div>\n\t\t<\/section>\n\t\t\t\t<\/div>","protected":false},"excerpt":{"rendered":"<p>Personuppgiftspolicy GDPR Personuppgiftspolicy PersonuppgiftspolicY Fructus Data AB (nedan kallad Fructus) &#8211; policy avseende personuppgifter Allm\u00e4ntDen 25:e maj 2018 tr\u00e4dde den nya EU dataskyddslagen (GDPR) i kraft f\u00f6r alla medlemsstater. F\u00f6r att uppfylla kraven f\u00f6r denna lag har vi p\u00e5 Fructus uppdaterat v\u00e5r integritetspolicy. Den inneh\u00e5ller detaljerad information om hur vi anv\u00e4nder och skyddar din personliga [&hellip;]<\/p>","protected":false},"author":1,"featured_media":0,"parent":0,"menu_order":0,"comment_status":"closed","ping_status":"closed","template":"","meta":{"footnotes":""},"class_list":["post-492","page","type-page","status-publish","hentry"],"acf":[],"yoast_head":"<!-- This site is optimized with the Yoast SEO plugin v25.7 - https:\/\/yoast.com\/wordpress\/plugins\/seo\/ -->\n<title>Privatpolicy - Fructus<\/title>\n<meta name=\"robots\" content=\"index, follow, max-snippet:-1, max-image-preview:large, max-video-preview:-1\" \/>\n<link rel=\"canonical\" href=\"https:\/\/fructus.se\/en\/privatpolicy\/\" \/>\n<meta property=\"og:locale\" content=\"en_GB\" \/>\n<meta property=\"og:type\" content=\"article\" \/>\n<meta property=\"og:title\" content=\"Privatpolicy - Fructus\" \/>\n<meta property=\"og:description\" content=\"Personuppgiftspolicy GDPR Personuppgiftspolicy PersonuppgiftspolicY Fructus Data AB (nedan kallad Fructus) &#8211; policy avseende personuppgifter Allm\u00e4ntDen 25:e maj 2018 tr\u00e4dde den nya EU dataskyddslagen (GDPR) i kraft f\u00f6r alla medlemsstater. F\u00f6r att uppfylla kraven f\u00f6r denna lag har vi p\u00e5 Fructus uppdaterat v\u00e5r integritetspolicy. Den inneh\u00e5ller detaljerad information om hur vi anv\u00e4nder och skyddar din personliga [&hellip;]\" \/>\n<meta property=\"og:url\" content=\"https:\/\/fructus.se\/en\/privatpolicy\/\" \/>\n<meta property=\"og:site_name\" content=\"Fructus\" \/>\n<meta property=\"article:modified_time\" content=\"2023-03-20T14:33:13+00:00\" \/>\n<meta name=\"twitter:card\" content=\"summary_large_image\" \/>\n<meta name=\"twitter:label1\" content=\"Estimated reading time\" \/>\n\t<meta name=\"twitter:data1\" content=\"4 minutes\" \/>\n<script type=\"application\/ld+json\" class=\"yoast-schema-graph\">{\"@context\":\"https:\/\/schema.org\",\"@graph\":[{\"@type\":\"WebPage\",\"@id\":\"https:\/\/fructus.se\/privatpolicy\/\",\"url\":\"https:\/\/fructus.se\/privatpolicy\/\",\"name\":\"Privatpolicy - Fructus\",\"isPartOf\":{\"@id\":\"https:\/\/fructus.se\/#website\"},\"datePublished\":\"2023-01-23T15:04:31+00:00\",\"dateModified\":\"2023-03-20T14:33:13+00:00\",\"breadcrumb\":{\"@id\":\"https:\/\/fructus.se\/privatpolicy\/#breadcrumb\"},\"inLanguage\":\"en-GB\",\"potentialAction\":[{\"@type\":\"ReadAction\",\"target\":[\"https:\/\/fructus.se\/privatpolicy\/\"]}]},{\"@type\":\"BreadcrumbList\",\"@id\":\"https:\/\/fructus.se\/privatpolicy\/#breadcrumb\",\"itemListElement\":[{\"@type\":\"ListItem\",\"position\":1,\"name\":\"Hem\",\"item\":\"https:\/\/fructus.se\/\"},{\"@type\":\"ListItem\",\"position\":2,\"name\":\"Privatpolicy\"}]},{\"@type\":\"WebSite\",\"@id\":\"https:\/\/fructus.se\/#website\",\"url\":\"https:\/\/fructus.se\/\",\"name\":\"Fructus\",\"description\":\"CAD \/ CAM \/ CAE\",\"publisher\":{\"@id\":\"https:\/\/fructus.se\/#organization\"},\"potentialAction\":[{\"@type\":\"SearchAction\",\"target\":{\"@type\":\"EntryPoint\",\"urlTemplate\":\"https:\/\/fructus.se\/?s={search_term_string}\"},\"query-input\":{\"@type\":\"PropertyValueSpecification\",\"valueRequired\":true,\"valueName\":\"search_term_string\"}}],\"inLanguage\":\"en-GB\"},{\"@type\":\"Organization\",\"@id\":\"https:\/\/fructus.se\/#organization\",\"name\":\"Fructus\",\"url\":\"https:\/\/fructus.se\/\",\"logo\":{\"@type\":\"ImageObject\",\"inLanguage\":\"en-GB\",\"@id\":\"https:\/\/fructus.se\/#\/schema\/logo\/image\/\",\"url\":\"https:\/\/fructus.se\/wp-content\/uploads\/2022\/10\/fructus-logo.png\",\"contentUrl\":\"https:\/\/fructus.se\/wp-content\/uploads\/2022\/10\/fructus-logo.png\",\"width\":501,\"height\":125,\"caption\":\"Fructus\"},\"image\":{\"@id\":\"https:\/\/fructus.se\/#\/schema\/logo\/image\/\"}}]}<\/script>\n<!-- \/ Yoast SEO plugin. -->","yoast_head_json":{"title":"Privatpolicy - Fructus","robots":{"index":"index","follow":"follow","max-snippet":"max-snippet:-1","max-image-preview":"max-image-preview:large","max-video-preview":"max-video-preview:-1"},"canonical":"https:\/\/fructus.se\/en\/privatpolicy\/","og_locale":"en_GB","og_type":"article","og_title":"Privatpolicy - Fructus","og_description":"Personuppgiftspolicy GDPR Personuppgiftspolicy PersonuppgiftspolicY Fructus Data AB (nedan kallad Fructus) &#8211; policy avseende personuppgifter Allm\u00e4ntDen 25:e maj 2018 tr\u00e4dde den nya EU dataskyddslagen (GDPR) i kraft f\u00f6r alla medlemsstater. F\u00f6r att uppfylla kraven f\u00f6r denna lag har vi p\u00e5 Fructus uppdaterat v\u00e5r integritetspolicy. Den inneh\u00e5ller detaljerad information om hur vi anv\u00e4nder och skyddar din personliga [&hellip;]","og_url":"https:\/\/fructus.se\/en\/privatpolicy\/","og_site_name":"Fructus","article_modified_time":"2023-03-20T14:33:13+00:00","twitter_card":"summary_large_image","twitter_misc":{"Estimated reading time":"4 minutes"},"schema":{"@context":"https:\/\/schema.org","@graph":[{"@type":"WebPage","@id":"https:\/\/fructus.se\/privatpolicy\/","url":"https:\/\/fructus.se\/privatpolicy\/","name":"Privatpolicy - Fructus","isPartOf":{"@id":"https:\/\/fructus.se\/#website"},"datePublished":"2023-01-23T15:04:31+00:00","dateModified":"2023-03-20T14:33:13+00:00","breadcrumb":{"@id":"https:\/\/fructus.se\/privatpolicy\/#breadcrumb"},"inLanguage":"en-GB","potentialAction":[{"@type":"ReadAction","target":["https:\/\/fructus.se\/privatpolicy\/"]}]},{"@type":"BreadcrumbList","@id":"https:\/\/fructus.se\/privatpolicy\/#breadcrumb","itemListElement":[{"@type":"ListItem","position":1,"name":"Hem","item":"https:\/\/fructus.se\/"},{"@type":"ListItem","position":2,"name":"Privatpolicy"}]},{"@type":"WebSite","@id":"https:\/\/fructus.se\/#website","url":"https:\/\/fructus.se\/","name":"Fructus","description":"CAD \/ CAM \/ CAE","publisher":{"@id":"https:\/\/fructus.se\/#organization"},"potentialAction":[{"@type":"SearchAction","target":{"@type":"EntryPoint","urlTemplate":"https:\/\/fructus.se\/?s={search_term_string}"},"query-input":{"@type":"PropertyValueSpecification","valueRequired":true,"valueName":"search_term_string"}}],"inLanguage":"en-GB"},{"@type":"Organization","@id":"https:\/\/fructus.se\/#organization","name":"Fructus","url":"https:\/\/fructus.se\/","logo":{"@type":"ImageObject","inLanguage":"en-GB","@id":"https:\/\/fructus.se\/#\/schema\/logo\/image\/","url":"https:\/\/fructus.se\/wp-content\/uploads\/2022\/10\/fructus-logo.png","contentUrl":"https:\/\/fructus.se\/wp-content\/uploads\/2022\/10\/fructus-logo.png","width":501,"height":125,"caption":"Fructus"},"image":{"@id":"https:\/\/fructus.se\/#\/schema\/logo\/image\/"}}]}},"_links":{"self":[{"href":"https:\/\/fructus.se\/en\/wp-json\/wp\/v2\/pages\/492","targetHints":{"allow":["GET"]}}],"collection":[{"href":"https:\/\/fructus.se\/en\/wp-json\/wp\/v2\/pages"}],"about":[{"href":"https:\/\/fructus.se\/en\/wp-json\/wp\/v2\/types\/page"}],"author":[{"embeddable":true,"href":"https:\/\/fructus.se\/en\/wp-json\/wp\/v2\/users\/1"}],"replies":[{"embeddable":true,"href":"https:\/\/fructus.se\/en\/wp-json\/wp\/v2\/comments?post=492"}],"version-history":[{"count":0,"href":"https:\/\/fructus.se\/en\/wp-json\/wp\/v2\/pages\/492\/revisions"}],"wp:attachment":[{"href":"https:\/\/fructus.se\/en\/wp-json\/wp\/v2\/media?parent=492"}],"curies":[{"name":"wp","href":"https:\/\/api.w.org\/{rel}","templated":true}]}}