{"id":323,"date":"2023-01-23T13:33:22","date_gmt":"2023-01-23T13:33:22","guid":{"rendered":"http:\/\/fructus.se\/?page_id=323"},"modified":"2023-04-20T13:00:21","modified_gmt":"2023-04-20T13:00:21","slug":"cad-cam-utbildning","status":"publish","type":"page","link":"https:\/\/fructus.se\/en\/cad-cam-utbildning\/","title":{"rendered":"Training"},"content":{"rendered":"<div data-elementor-type=\"wp-page\" data-elementor-id=\"323\" class=\"elementor elementor-323\" data-elementor-post-type=\"page\">\n\t\t\t\t\t\t<section data-dce-background-overlay-color=\"#02080E00\" data-dce-background-image-url=\"http:\/\/fructus.se\/wp-content\/uploads\/2023\/03\/Menybanner-3440x800_TRAINING-scaled.jpg\" class=\"elementor-section elementor-top-section elementor-element elementor-element-52c69fb5 elementor-section-boxed elementor-section-height-default elementor-section-height-default\" data-id=\"52c69fb5\" data-element_type=\"section\" data-settings=\"{&quot;background_background&quot;:&quot;classic&quot;}\">\n\t\t\t\t\t\t\t<div class=\"elementor-background-overlay\"><\/div>\n\t\t\t\t\t\t\t<div class=\"elementor-container elementor-column-gap-default\">\n\t\t\t\t\t<div class=\"elementor-column elementor-col-100 elementor-top-column elementor-element elementor-element-291e7a1\" data-id=\"291e7a1\" data-element_type=\"column\">\n\t\t\t<div class=\"elementor-widget-wrap elementor-element-populated\">\n\t\t\t\t\t\t<section class=\"elementor-section elementor-inner-section elementor-element elementor-element-25dd3777 elementor-section-boxed elementor-section-height-default elementor-section-height-default\" data-id=\"25dd3777\" data-element_type=\"section\">\n\t\t\t\t\t\t<div class=\"elementor-container elementor-column-gap-default\">\n\t\t\t\t\t<div class=\"elementor-column elementor-col-100 elementor-inner-column elementor-element elementor-element-5af32ec7\" data-id=\"5af32ec7\" data-element_type=\"column\">\n\t\t\t<div class=\"elementor-widget-wrap elementor-element-populated\">\n\t\t\t\t\t\t<section class=\"elementor-section elementor-inner-section elementor-element elementor-element-314825f elementor-section-boxed elementor-section-height-default elementor-section-height-default\" data-id=\"314825f\" data-element_type=\"section\">\n\t\t\t\t\t\t<div class=\"elementor-container elementor-column-gap-default\">\n\t\t\t\t\t<div class=\"elementor-column elementor-col-100 elementor-inner-column elementor-element elementor-element-1fd4ae2\" data-id=\"1fd4ae2\" data-element_type=\"column\">\n\t\t\t<div class=\"elementor-widget-wrap elementor-element-populated\">\n\t\t\t\t\t\t<div class=\"elementor-element elementor-element-2da1640 elementor-widget elementor-widget-heading\" data-id=\"2da1640\" data-element_type=\"widget\" data-widget_type=\"heading.default\">\n\t\t\t\t<div class=\"elementor-widget-container\">\n\t\t\t\t\t<h4 class=\"elementor-heading-title elementor-size-default\">CAD\/CAM TRAINING<\/h4>\t\t\t\t<\/div>\n\t\t\t\t<\/div>\n\t\t\t\t<div class=\"elementor-element elementor-element-4672ba6 elementor-mobile-align-center elementor-widget elementor-widget-breadcrumbs\" data-id=\"4672ba6\" data-element_type=\"widget\" data-widget_type=\"breadcrumbs.default\">\n\t\t\t\t<div class=\"elementor-widget-container\">\n\t\t\t\t\t<p id=\"breadcrumbs\"><span><span><a href=\"https:\/\/fructus.se\/en\/\">Home<\/a><\/span><\/span><\/p>\t\t\t\t<\/div>\n\t\t\t\t<\/div>\n\t\t\t\t\t<\/div>\n\t\t<\/div>\n\t\t\t\t\t<\/div>\n\t\t<\/section>\n\t\t\t\t\t<\/div>\n\t\t<\/div>\n\t\t\t\t\t<\/div>\n\t\t<\/section>\n\t\t\t\t\t<\/div>\n\t\t<\/div>\n\t\t\t\t\t<\/div>\n\t\t<\/section>\n\t\t\t\t<section class=\"elementor-section elementor-top-section elementor-element elementor-element-18e3454 elementor-section-boxed elementor-section-height-default elementor-section-height-default\" data-id=\"18e3454\" data-element_type=\"section\" data-settings=\"{&quot;background_background&quot;:&quot;classic&quot;}\">\n\t\t\t\t\t\t<div class=\"elementor-container elementor-column-gap-default\">\n\t\t\t\t\t<div class=\"elementor-column elementor-col-50 elementor-top-column elementor-element elementor-element-1b7417f\" data-id=\"1b7417f\" data-element_type=\"column\">\n\t\t\t<div class=\"elementor-widget-wrap elementor-element-populated\">\n\t\t\t\t\t\t<div class=\"elementor-element elementor-element-9bbfdb3 dce_masking-none elementor-widget elementor-widget-image\" data-id=\"9bbfdb3\" data-element_type=\"widget\" data-widget_type=\"image.default\">\n\t\t\t\t<div class=\"elementor-widget-container\">\n\t\t\t\t\t\t\t\t\t\t\t\t\t\t\t<img fetchpriority=\"high\" decoding=\"async\" width=\"1024\" height=\"605\" src=\"https:\/\/fructus.se\/wp-content\/uploads\/2023\/03\/GC_Training.jpg\" class=\"attachment-full size-full wp-image-4648\" alt=\"CAD\/CAM utbildning\" srcset=\"https:\/\/fructus.se\/wp-content\/uploads\/2023\/03\/GC_Training.jpg 1024w, https:\/\/fructus.se\/wp-content\/uploads\/2023\/03\/GC_Training-300x177.jpg 300w, https:\/\/fructus.se\/wp-content\/uploads\/2023\/03\/GC_Training-768x454.jpg 768w, https:\/\/fructus.se\/wp-content\/uploads\/2023\/03\/GC_Training-18x12.jpg 18w\" sizes=\"(max-width: 1024px) 100vw, 1024px\" \/>\t\t\t\t\t\t\t\t\t\t\t\t\t\t\t<\/div>\n\t\t\t\t<\/div>\n\t\t\t\t<div class=\"elementor-element elementor-element-cd57d59 elementor-widget elementor-widget-spacer\" data-id=\"cd57d59\" data-element_type=\"widget\" data-widget_type=\"spacer.default\">\n\t\t\t\t<div class=\"elementor-widget-container\">\n\t\t\t\t\t\t\t<div class=\"elementor-spacer\">\n\t\t\t<div class=\"elementor-spacer-inner\"><\/div>\n\t\t<\/div>\n\t\t\t\t\t\t<\/div>\n\t\t\t\t<\/div>\n\t\t\t\t\t<\/div>\n\t\t<\/div>\n\t\t\t\t<div class=\"elementor-column elementor-col-50 elementor-top-column elementor-element elementor-element-893eeef\" data-id=\"893eeef\" data-element_type=\"column\">\n\t\t\t<div class=\"elementor-widget-wrap elementor-element-populated\">\n\t\t\t\t\t\t<div class=\"elementor-element elementor-element-b98547f elementor-widget elementor-widget-heading\" data-id=\"b98547f\" data-element_type=\"widget\" data-widget_type=\"heading.default\">\n\t\t\t\t<div class=\"elementor-widget-container\">\n\t\t\t\t\t<p class=\"elementor-heading-title elementor-size-default\">QUALITY, NOT QUANTITY<\/p>\t\t\t\t<\/div>\n\t\t\t\t<\/div>\n\t\t\t\t<div class=\"elementor-element elementor-element-df1fa5d elementor-widget elementor-widget-heading\" data-id=\"df1fa5d\" data-element_type=\"widget\" data-widget_type=\"heading.default\">\n\t\t\t\t<div class=\"elementor-widget-container\">\n\t\t\t\t\t<h2 class=\"elementor-heading-title elementor-size-default\">CAD\/CAM TRAINING<\/h2>\t\t\t\t<\/div>\n\t\t\t\t<\/div>\n\t\t\t\t<div class=\"elementor-element elementor-element-4574384 elementor-widget elementor-widget-text-editor\" data-id=\"4574384\" data-element_type=\"widget\" data-widget_type=\"text-editor.default\">\n\t\t\t\t<div class=\"elementor-widget-container\">\n\t\t\t\t\t\t\t\t\t<p>A CADCAM training with 10-20 participants is a bit like a lecture, you learn things, but maybe not so efficiently. For that reason, we limit the number of participants to 6 people in each class. This guarantees high quality and allows us to complete the course in only a few days. After all, we do not want to keep your personnel away from your business longer than necessary.<\/p>\t\t\t\t\t\t\t\t<\/div>\n\t\t\t\t<\/div>\n\t\t\t\t<div class=\"elementor-element elementor-element-91e1bad elementor-widget elementor-widget-heading\" data-id=\"91e1bad\" data-element_type=\"widget\" data-widget_type=\"heading.default\">\n\t\t\t\t<div class=\"elementor-widget-container\">\n\t\t\t\t\t<h3 class=\"elementor-heading-title elementor-size-default\">When did you last attend training?<\/h3>\t\t\t\t<\/div>\n\t\t\t\t<\/div>\n\t\t\t\t<div class=\"elementor-element elementor-element-16fd3a9 elementor-widget elementor-widget-text-editor\" data-id=\"16fd3a9\" data-element_type=\"widget\" data-widget_type=\"text-editor.default\">\n\t\t\t\t<div class=\"elementor-widget-container\">\n\t\t\t\t\t\t\t\t\t<p style=\"text-align: left;\">As software develops, the individual's skills needs to be developed aswell. One day of training every year is a good investment. You can learn new versions and features on your own, or you can take professional help. The latter is undoubtedly more efficient.<\/p>\t\t\t\t\t\t\t\t<\/div>\n\t\t\t\t<\/div>\n\t\t\t\t<div class=\"elementor-element elementor-element-a741a77 elementor-widget elementor-widget-spacer\" data-id=\"a741a77\" data-element_type=\"widget\" data-widget_type=\"spacer.default\">\n\t\t\t\t<div class=\"elementor-widget-container\">\n\t\t\t\t\t\t\t<div class=\"elementor-spacer\">\n\t\t\t<div class=\"elementor-spacer-inner\"><\/div>\n\t\t<\/div>\n\t\t\t\t\t\t<\/div>\n\t\t\t\t<\/div>\n\t\t\t\t\t<\/div>\n\t\t<\/div>\n\t\t\t\t\t<\/div>\n\t\t<\/section>\n\t\t\t\t<section class=\"elementor-section elementor-top-section elementor-element elementor-element-debb576 elementor-section-boxed elementor-section-height-default elementor-section-height-default\" data-id=\"debb576\" data-element_type=\"section\" data-settings=\"{&quot;background_background&quot;:&quot;classic&quot;}\">\n\t\t\t\t\t\t<div class=\"elementor-container elementor-column-gap-default\">\n\t\t\t\t\t<div class=\"elementor-column elementor-col-100 elementor-top-column elementor-element elementor-element-bc2470d\" data-id=\"bc2470d\" data-element_type=\"column\">\n\t\t\t<div class=\"elementor-widget-wrap elementor-element-populated\">\n\t\t\t\t\t\t<div class=\"elementor-element elementor-element-be0437b elementor-widget elementor-widget-heading\" data-id=\"be0437b\" data-element_type=\"widget\" data-widget_type=\"heading.default\">\n\t\t\t\t<div class=\"elementor-widget-container\">\n\t\t\t\t\t<h2 class=\"elementor-heading-title elementor-size-default\">GibbsCAM courses<\/h2>\t\t\t\t<\/div>\n\t\t\t\t<\/div>\n\t\t\t\t<div class=\"elementor-element elementor-element-f4a59c5 elementor-widget-divider--view-line elementor-widget elementor-widget-global elementor-global-1552 elementor-widget-divider\" data-id=\"f4a59c5\" data-element_type=\"widget\" data-widget_type=\"divider.default\">\n\t\t\t\t<div class=\"elementor-widget-container\">\n\t\t\t\t\t\t\t<div class=\"elementor-divider\">\n\t\t\t<span class=\"elementor-divider-separator\">\n\t\t\t\t\t\t<\/span>\n\t\t<\/div>\n\t\t\t\t\t\t<\/div>\n\t\t\t\t<\/div>\n\t\t\t\t<section class=\"elementor-section elementor-inner-section elementor-element elementor-element-15bad17 elementor-section-boxed elementor-section-height-default elementor-section-height-default\" data-id=\"15bad17\" data-element_type=\"section\">\n\t\t\t\t\t\t<div class=\"elementor-container elementor-column-gap-default\">\n\t\t\t\t\t<div class=\"elementor-column elementor-col-50 elementor-inner-column elementor-element elementor-element-4bcb709\" data-id=\"4bcb709\" data-element_type=\"column\" data-settings=\"{&quot;background_background&quot;:&quot;classic&quot;}\">\n\t\t\t<div class=\"elementor-widget-wrap elementor-element-populated\">\n\t\t\t\t\t\t<div class=\"elementor-element elementor-element-1815450 elementor-widget elementor-widget-heading\" data-id=\"1815450\" data-element_type=\"widget\" data-widget_type=\"heading.default\">\n\t\t\t\t<div class=\"elementor-widget-container\">\n\t\t\t\t\t<h3 class=\"elementor-heading-title elementor-size-default\">GibbsCAM BASIC Training<\/h3>\t\t\t\t<\/div>\n\t\t\t\t<\/div>\n\t\t\t\t<div class=\"elementor-element elementor-element-ab3d1a4 elementor-widget elementor-widget-text-editor\" data-id=\"ab3d1a4\" data-element_type=\"widget\" data-widget_type=\"text-editor.default\">\n\t\t\t\t<div class=\"elementor-widget-container\">\n\t\t\t\t\t\t\t\t\t<p><a href=\"http:\/\/fructus.se\/en\/utbildningskalender\/\"><strong>GibbsCAM Basic Courses<\/strong><\/a> are held in our office in Stockholm, monthly. The courses are normally three days long. A course day lasts from 09:00 to about 16:30 with breaks for lunch and coffee (included).<\/p>\t\t\t\t\t\t\t\t<\/div>\n\t\t\t\t<\/div>\n\t\t\t\t<div class=\"elementor-element elementor-element-e1c1ba0 elementor-align-center elementor-mobile-align-center elementor-widget elementor-widget-button\" data-id=\"e1c1ba0\" data-element_type=\"widget\" data-widget_type=\"button.default\">\n\t\t\t\t<div class=\"elementor-widget-container\">\n\t\t\t\t\t\t\t\t\t<div class=\"elementor-button-wrapper\">\n\t\t\t\t\t<a class=\"elementor-button elementor-button-link elementor-size-sm\" href=\"http:\/\/fructus.se\/en\/utbildningskalender\/\">\n\t\t\t\t\t\t<span class=\"elementor-button-content-wrapper\">\n\t\t\t\t\t\t\t\t\t<span class=\"elementor-button-text\">calendar<\/span>\n\t\t\t\t\t<\/span>\n\t\t\t\t\t<\/a>\n\t\t\t\t<\/div>\n\t\t\t\t\t\t\t\t<\/div>\n\t\t\t\t<\/div>\n\t\t\t\t\t<\/div>\n\t\t<\/div>\n\t\t\t\t<div class=\"elementor-column elementor-col-50 elementor-inner-column elementor-element elementor-element-b9a8587\" data-id=\"b9a8587\" data-element_type=\"column\" data-settings=\"{&quot;background_background&quot;:&quot;classic&quot;}\">\n\t\t\t<div class=\"elementor-widget-wrap elementor-element-populated\">\n\t\t\t\t\t\t<div class=\"elementor-element elementor-element-9358fad elementor-widget elementor-widget-heading\" data-id=\"9358fad\" data-element_type=\"widget\" data-widget_type=\"heading.default\">\n\t\t\t\t<div class=\"elementor-widget-container\">\n\t\t\t\t\t<h3 class=\"elementor-heading-title elementor-size-default\">GibbsCAM EXTENSION Training<\/h3>\t\t\t\t<\/div>\n\t\t\t\t<\/div>\n\t\t\t\t<div class=\"elementor-element elementor-element-1a9c2f77 elementor-widget elementor-widget-text-editor\" data-id=\"1a9c2f77\" data-element_type=\"widget\" data-widget_type=\"text-editor.default\">\n\t\t\t\t<div class=\"elementor-widget-container\">\n\t\t\t\t\t\t\t\t\t<div id=\"maininner\" class=\"grid-box\"><section id=\"content\" class=\"grid-block\"><div id=\"system\"><article class=\"item\"><div class=\"content clearfix\"><div><p><span data-mce-mark=\"1\">Arranged by agreement. An extension training can be anything from learning to be more efficient with what you have (optimization) or to learn a new module you have purchased, or a training focused on a specific CNC machine. Contact us to discuss content and dates. <strong>Phone: +46 8 59411630<\/strong><\/span><\/p><\/div><\/div><\/article><\/div><\/section><\/div>\t\t\t\t\t\t\t\t<\/div>\n\t\t\t\t<\/div>\n\t\t\t\t\t<\/div>\n\t\t<\/div>\n\t\t\t\t\t<\/div>\n\t\t<\/section>\n\t\t\t\t<div class=\"elementor-element elementor-element-c4bf7df elementor-widget elementor-widget-text-editor\" data-id=\"c4bf7df\" data-element_type=\"widget\" data-widget_type=\"text-editor.default\">\n\t\t\t\t<div class=\"elementor-widget-container\">\n\t\t\t\t\t\t\t\t\t<p style=\"text-align: center;\">Welcome to contact us for more info or to book a course!<\/p>\t\t\t\t\t\t\t\t<\/div>\n\t\t\t\t<\/div>\n\t\t\t\t\t<\/div>\n\t\t<\/div>\n\t\t\t\t\t<\/div>\n\t\t<\/section>\n\t\t\t\t<\/div>","protected":false},"excerpt":{"rendered":"<p>Utbildning CAD\/CAM KVALITET, INTE KVANTITET\u200b CAD\/CAM UTBILDNING En CADCAM utbildning med 10-20 deltagare \u00e4r lite som en f\u00f6rel\u00e4sning, man sig saker, men effektivt blir det inte. Av den anledningen begr\u00e4nsar vi antalet deltagare till 6 personer vid varje kurstillf\u00e4lle s\u00e5 att vi kan s\u00e4kerst\u00e4lla h\u00f6g kvalitet och klara av utbildningarna p\u00e5 kort tid. Detta f\u00f6r [&hellip;]<\/p>","protected":false},"author":1,"featured_media":0,"parent":0,"menu_order":0,"comment_status":"closed","ping_status":"closed","template":"","meta":{"footnotes":""},"class_list":["post-323","page","type-page","status-publish","hentry"],"acf":[],"yoast_head":"<!-- This site is optimized with the Yoast SEO plugin v25.7 - https:\/\/yoast.com\/wordpress\/plugins\/seo\/ -->\n<title>Utbildning - Fructus<\/title>\n<meta name=\"description\" content=\"CAD\/CAM utbildning - grundkurser och p\u00e5byggnadskurser i GibbsCAM f\u00f6r CNC programmering av alla typer av CNC maskiner.\" \/>\n<meta name=\"robots\" content=\"index, follow, max-snippet:-1, max-image-preview:large, max-video-preview:-1\" \/>\n<link rel=\"canonical\" href=\"https:\/\/fructus.se\/en\/cad-cam-utbildning\/\" \/>\n<meta property=\"og:locale\" content=\"en_GB\" \/>\n<meta property=\"og:type\" content=\"article\" \/>\n<meta property=\"og:title\" content=\"Utbildning - Fructus\" \/>\n<meta property=\"og:description\" content=\"CAD\/CAM utbildning - grundkurser och p\u00e5byggnadskurser i GibbsCAM f\u00f6r CNC programmering av alla typer av CNC maskiner.\" \/>\n<meta property=\"og:url\" content=\"https:\/\/fructus.se\/en\/cad-cam-utbildning\/\" \/>\n<meta property=\"og:site_name\" content=\"Fructus\" \/>\n<meta property=\"article:modified_time\" content=\"2023-04-20T13:00:21+00:00\" \/>\n<meta property=\"og:image\" content=\"http:\/\/fructus.se\/wp-content\/uploads\/2023\/03\/GC_Training.jpg\" \/>\n<meta name=\"twitter:card\" content=\"summary_large_image\" \/>\n<meta name=\"twitter:label1\" content=\"Estimated reading time\" \/>\n\t<meta name=\"twitter:data1\" content=\"2 minutes\" \/>\n<script type=\"application\/ld+json\" class=\"yoast-schema-graph\">{\"@context\":\"https:\/\/schema.org\",\"@graph\":[{\"@type\":\"WebPage\",\"@id\":\"https:\/\/fructus.se\/cad-cam-utbildning\/\",\"url\":\"https:\/\/fructus.se\/cad-cam-utbildning\/\",\"name\":\"Utbildning - Fructus\",\"isPartOf\":{\"@id\":\"https:\/\/fructus.se\/#website\"},\"primaryImageOfPage\":{\"@id\":\"https:\/\/fructus.se\/cad-cam-utbildning\/#primaryimage\"},\"image\":{\"@id\":\"https:\/\/fructus.se\/cad-cam-utbildning\/#primaryimage\"},\"thumbnailUrl\":\"http:\/\/fructus.se\/wp-content\/uploads\/2023\/03\/GC_Training.jpg\",\"datePublished\":\"2023-01-23T13:33:22+00:00\",\"dateModified\":\"2023-04-20T13:00:21+00:00\",\"description\":\"CAD\/CAM utbildning - grundkurser och p\u00e5byggnadskurser i GibbsCAM f\u00f6r CNC programmering av alla typer av CNC maskiner.\",\"breadcrumb\":{\"@id\":\"https:\/\/fructus.se\/cad-cam-utbildning\/#breadcrumb\"},\"inLanguage\":\"en-GB\",\"potentialAction\":[{\"@type\":\"ReadAction\",\"target\":[\"https:\/\/fructus.se\/cad-cam-utbildning\/\"]}]},{\"@type\":\"ImageObject\",\"inLanguage\":\"en-GB\",\"@id\":\"https:\/\/fructus.se\/cad-cam-utbildning\/#primaryimage\",\"url\":\"http:\/\/fructus.se\/wp-content\/uploads\/2023\/03\/GC_Training.jpg\",\"contentUrl\":\"http:\/\/fructus.se\/wp-content\/uploads\/2023\/03\/GC_Training.jpg\"},{\"@type\":\"BreadcrumbList\",\"@id\":\"https:\/\/fructus.se\/cad-cam-utbildning\/#breadcrumb\",\"itemListElement\":[{\"@type\":\"ListItem\",\"position\":1,\"name\":\"Hem\",\"item\":\"https:\/\/fructus.se\/\"},{\"@type\":\"ListItem\",\"position\":2,\"name\":\"Utbildning\"}]},{\"@type\":\"WebSite\",\"@id\":\"https:\/\/fructus.se\/#website\",\"url\":\"https:\/\/fructus.se\/\",\"name\":\"Fructus\",\"description\":\"CAD \/ CAM \/ CAE\",\"publisher\":{\"@id\":\"https:\/\/fructus.se\/#organization\"},\"potentialAction\":[{\"@type\":\"SearchAction\",\"target\":{\"@type\":\"EntryPoint\",\"urlTemplate\":\"https:\/\/fructus.se\/?s={search_term_string}\"},\"query-input\":{\"@type\":\"PropertyValueSpecification\",\"valueRequired\":true,\"valueName\":\"search_term_string\"}}],\"inLanguage\":\"en-GB\"},{\"@type\":\"Organization\",\"@id\":\"https:\/\/fructus.se\/#organization\",\"name\":\"Fructus\",\"url\":\"https:\/\/fructus.se\/\",\"logo\":{\"@type\":\"ImageObject\",\"inLanguage\":\"en-GB\",\"@id\":\"https:\/\/fructus.se\/#\/schema\/logo\/image\/\",\"url\":\"https:\/\/fructus.se\/wp-content\/uploads\/2022\/10\/fructus-logo.png\",\"contentUrl\":\"https:\/\/fructus.se\/wp-content\/uploads\/2022\/10\/fructus-logo.png\",\"width\":501,\"height\":125,\"caption\":\"Fructus\"},\"image\":{\"@id\":\"https:\/\/fructus.se\/#\/schema\/logo\/image\/\"}}]}<\/script>\n<!-- \/ Yoast SEO plugin. -->","yoast_head_json":{"title":"Utbildning - Fructus","description":"CAD\/CAM utbildning - grundkurser och p\u00e5byggnadskurser i GibbsCAM f\u00f6r CNC programmering av alla typer av CNC maskiner.","robots":{"index":"index","follow":"follow","max-snippet":"max-snippet:-1","max-image-preview":"max-image-preview:large","max-video-preview":"max-video-preview:-1"},"canonical":"https:\/\/fructus.se\/en\/cad-cam-utbildning\/","og_locale":"en_GB","og_type":"article","og_title":"Utbildning - Fructus","og_description":"CAD\/CAM utbildning - grundkurser och p\u00e5byggnadskurser i GibbsCAM f\u00f6r CNC programmering av alla typer av CNC maskiner.","og_url":"https:\/\/fructus.se\/en\/cad-cam-utbildning\/","og_site_name":"Fructus","article_modified_time":"2023-04-20T13:00:21+00:00","og_image":[{"url":"http:\/\/fructus.se\/wp-content\/uploads\/2023\/03\/GC_Training.jpg","type":"","width":"","height":""}],"twitter_card":"summary_large_image","twitter_misc":{"Estimated reading time":"2 minutes"},"schema":{"@context":"https:\/\/schema.org","@graph":[{"@type":"WebPage","@id":"https:\/\/fructus.se\/cad-cam-utbildning\/","url":"https:\/\/fructus.se\/cad-cam-utbildning\/","name":"Utbildning - Fructus","isPartOf":{"@id":"https:\/\/fructus.se\/#website"},"primaryImageOfPage":{"@id":"https:\/\/fructus.se\/cad-cam-utbildning\/#primaryimage"},"image":{"@id":"https:\/\/fructus.se\/cad-cam-utbildning\/#primaryimage"},"thumbnailUrl":"http:\/\/fructus.se\/wp-content\/uploads\/2023\/03\/GC_Training.jpg","datePublished":"2023-01-23T13:33:22+00:00","dateModified":"2023-04-20T13:00:21+00:00","description":"CAD\/CAM utbildning - grundkurser och p\u00e5byggnadskurser i GibbsCAM f\u00f6r CNC programmering av alla typer av CNC maskiner.","breadcrumb":{"@id":"https:\/\/fructus.se\/cad-cam-utbildning\/#breadcrumb"},"inLanguage":"en-GB","potentialAction":[{"@type":"ReadAction","target":["https:\/\/fructus.se\/cad-cam-utbildning\/"]}]},{"@type":"ImageObject","inLanguage":"en-GB","@id":"https:\/\/fructus.se\/cad-cam-utbildning\/#primaryimage","url":"http:\/\/fructus.se\/wp-content\/uploads\/2023\/03\/GC_Training.jpg","contentUrl":"http:\/\/fructus.se\/wp-content\/uploads\/2023\/03\/GC_Training.jpg"},{"@type":"BreadcrumbList","@id":"https:\/\/fructus.se\/cad-cam-utbildning\/#breadcrumb","itemListElement":[{"@type":"ListItem","position":1,"name":"Hem","item":"https:\/\/fructus.se\/"},{"@type":"ListItem","position":2,"name":"Utbildning"}]},{"@type":"WebSite","@id":"https:\/\/fructus.se\/#website","url":"https:\/\/fructus.se\/","name":"Fructus","description":"CAD \/ CAM \/ CAE","publisher":{"@id":"https:\/\/fructus.se\/#organization"},"potentialAction":[{"@type":"SearchAction","target":{"@type":"EntryPoint","urlTemplate":"https:\/\/fructus.se\/?s={search_term_string}"},"query-input":{"@type":"PropertyValueSpecification","valueRequired":true,"valueName":"search_term_string"}}],"inLanguage":"en-GB"},{"@type":"Organization","@id":"https:\/\/fructus.se\/#organization","name":"Fructus","url":"https:\/\/fructus.se\/","logo":{"@type":"ImageObject","inLanguage":"en-GB","@id":"https:\/\/fructus.se\/#\/schema\/logo\/image\/","url":"https:\/\/fructus.se\/wp-content\/uploads\/2022\/10\/fructus-logo.png","contentUrl":"https:\/\/fructus.se\/wp-content\/uploads\/2022\/10\/fructus-logo.png","width":501,"height":125,"caption":"Fructus"},"image":{"@id":"https:\/\/fructus.se\/#\/schema\/logo\/image\/"}}]}},"_links":{"self":[{"href":"https:\/\/fructus.se\/en\/wp-json\/wp\/v2\/pages\/323","targetHints":{"allow":["GET"]}}],"collection":[{"href":"https:\/\/fructus.se\/en\/wp-json\/wp\/v2\/pages"}],"about":[{"href":"https:\/\/fructus.se\/en\/wp-json\/wp\/v2\/types\/page"}],"author":[{"embeddable":true,"href":"https:\/\/fructus.se\/en\/wp-json\/wp\/v2\/users\/1"}],"replies":[{"embeddable":true,"href":"https:\/\/fructus.se\/en\/wp-json\/wp\/v2\/comments?post=323"}],"version-history":[{"count":0,"href":"https:\/\/fructus.se\/en\/wp-json\/wp\/v2\/pages\/323\/revisions"}],"wp:attachment":[{"href":"https:\/\/fructus.se\/en\/wp-json\/wp\/v2\/media?parent=323"}],"curies":[{"name":"wp","href":"https:\/\/api.w.org\/{rel}","templated":true}]}}