{"id":164,"date":"2022-12-07T12:19:25","date_gmt":"2022-12-07T12:19:25","guid":{"rendered":"http:\/\/fructus.se\/?page_id=164"},"modified":"2025-09-22T08:57:32","modified_gmt":"2025-09-22T08:57:32","slug":"cad-cam","status":"publish","type":"page","link":"https:\/\/fructus.se\/en\/cad-cam\/","title":{"rendered":"About Us"},"content":{"rendered":"<div data-elementor-type=\"wp-page\" data-elementor-id=\"164\" class=\"elementor elementor-164\" data-elementor-post-type=\"page\">\n\t\t\t\t\t\t<section data-dce-background-overlay-color=\"#02080E00\" data-dce-background-image-url=\"http:\/\/fructus.se\/wp-content\/uploads\/2023\/03\/Menybanner-3440x800_ABOUT-US-scaled.jpg\" class=\"elementor-section elementor-top-section elementor-element elementor-element-08d6f75 elementor-section-boxed elementor-section-height-default elementor-section-height-default\" data-id=\"08d6f75\" data-element_type=\"section\" data-settings=\"{&quot;background_background&quot;:&quot;classic&quot;}\">\n\t\t\t\t\t\t\t<div class=\"elementor-background-overlay\"><\/div>\n\t\t\t\t\t\t\t<div class=\"elementor-container elementor-column-gap-default\">\n\t\t\t\t\t<div class=\"elementor-column elementor-col-100 elementor-top-column elementor-element elementor-element-bcbb6da\" data-id=\"bcbb6da\" data-element_type=\"column\">\n\t\t\t<div class=\"elementor-widget-wrap elementor-element-populated\">\n\t\t\t\t\t\t<div class=\"elementor-element elementor-element-f53be42 elementor-widget elementor-widget-heading\" data-id=\"f53be42\" data-element_type=\"widget\" data-widget_type=\"heading.default\">\n\t\t\t\t<div class=\"elementor-widget-container\">\n\t\t\t\t\t<h4 class=\"elementor-heading-title elementor-size-default\">Fructus - CAD\/CAM\/CAE<\/h4>\t\t\t\t<\/div>\n\t\t\t\t<\/div>\n\t\t\t\t<div class=\"elementor-element elementor-element-a1c1e9b elementor-mobile-align-center elementor-widget elementor-widget-breadcrumbs\" data-id=\"a1c1e9b\" data-element_type=\"widget\" data-widget_type=\"breadcrumbs.default\">\n\t\t\t\t<div class=\"elementor-widget-container\">\n\t\t\t\t\t<p id=\"breadcrumbs\"><span><span><a href=\"https:\/\/fructus.se\/en\/\">Home<\/a><\/span><\/span><\/p>\t\t\t\t<\/div>\n\t\t\t\t<\/div>\n\t\t\t\t\t<\/div>\n\t\t<\/div>\n\t\t\t\t\t<\/div>\n\t\t<\/section>\n\t\t\t\t<section class=\"elementor-section elementor-top-section elementor-element elementor-element-6182a3f1 elementor-reverse-mobile elementor-section-boxed elementor-section-height-default elementor-section-height-default\" data-id=\"6182a3f1\" data-element_type=\"section\" data-settings=\"{&quot;background_background&quot;:&quot;classic&quot;}\">\n\t\t\t\t\t\t<div class=\"elementor-container elementor-column-gap-default\">\n\t\t\t\t\t<div class=\"elementor-column elementor-col-50 elementor-top-column elementor-element elementor-element-6ac2d7ee\" data-id=\"6ac2d7ee\" data-element_type=\"column\">\n\t\t\t<div class=\"elementor-widget-wrap elementor-element-populated\">\n\t\t\t\t\t\t<div class=\"elementor-element elementor-element-64c5f0f3 dce_masking-none elementor-widget elementor-widget-image\" data-id=\"64c5f0f3\" data-element_type=\"widget\" data-widget_type=\"image.default\">\n\t\t\t\t<div class=\"elementor-widget-container\">\n\t\t\t\t\t\t\t\t\t\t\t\t\t\t\t<img fetchpriority=\"high\" decoding=\"async\" width=\"800\" height=\"533\" src=\"https:\/\/fructus.se\/wp-content\/uploads\/2023\/04\/Fructus-CADCAM.jpg\" class=\"attachment-full size-full wp-image-5562\" alt=\"CAD\/CAM\" srcset=\"https:\/\/fructus.se\/wp-content\/uploads\/2023\/04\/Fructus-CADCAM.jpg 800w, https:\/\/fructus.se\/wp-content\/uploads\/2023\/04\/elementor\/thumbs\/Fructus-CADCAM-q500h9v7r8ga4rkwmxywlctfan1w6ffyf1sa0sohjk.jpg 300w, https:\/\/fructus.se\/wp-content\/uploads\/2023\/04\/Fructus-CADCAM-768x512.jpg 768w, https:\/\/fructus.se\/wp-content\/uploads\/2023\/04\/Fructus-CADCAM-18x12.jpg 18w\" sizes=\"(max-width: 800px) 100vw, 800px\" \/>\t\t\t\t\t\t\t\t\t\t\t\t\t\t\t<\/div>\n\t\t\t\t<\/div>\n\t\t\t\t<div class=\"elementor-element elementor-element-7f92fc5 elementor-widget elementor-widget-heading\" data-id=\"7f92fc5\" data-element_type=\"widget\" data-widget_type=\"heading.default\">\n\t\t\t\t<div class=\"elementor-widget-container\">\n\t\t\t\t\t<h3 class=\"elementor-heading-title elementor-size-default\"><span style=\"font-weight:200\">The<\/span> CAM <span style=\"font-weight:200\">Specialists.<\/span><\/h3>\t\t\t\t<\/div>\n\t\t\t\t<\/div>\n\t\t\t\t<div class=\"elementor-element elementor-element-2cca921 elementor-widget__width-initial dce_masking-none elementor-widget elementor-widget-image\" data-id=\"2cca921\" data-element_type=\"widget\" data-widget_type=\"image.default\">\n\t\t\t\t<div class=\"elementor-widget-container\">\n\t\t\t\t\t\t\t\t\t\t\t\t\t\t\t<img decoding=\"async\" width=\"195\" height=\"157\" src=\"https:\/\/fructus.se\/wp-content\/uploads\/2025\/08\/SIGILL_STAENDE_LITEN_SVART_TEXT.png\" class=\"attachment-full size-full wp-image-6508\" alt=\"\" srcset=\"https:\/\/fructus.se\/wp-content\/uploads\/2025\/08\/SIGILL_STAENDE_LITEN_SVART_TEXT.png 195w, https:\/\/fructus.se\/wp-content\/uploads\/2025\/08\/SIGILL_STAENDE_LITEN_SVART_TEXT-15x12.png 15w\" sizes=\"(max-width: 195px) 100vw, 195px\" \/>\t\t\t\t\t\t\t\t\t\t\t\t\t\t\t<\/div>\n\t\t\t\t<\/div>\n\t\t\t\t<div class=\"elementor-element elementor-element-d16263c elementor-widget__width-initial dce_masking-none elementor-widget elementor-widget-image\" data-id=\"d16263c\" data-element_type=\"widget\" data-widget_type=\"image.default\">\n\t\t\t\t<div class=\"elementor-widget-container\">\n\t\t\t\t\t\t\t\t\t\t\t\t\t\t\t<img decoding=\"async\" width=\"325\" height=\"266\" src=\"https:\/\/fructus.se\/wp-content\/uploads\/2025\/09\/SIGILL_SKOLD_STAENDE_STOR_SVART_TEXT.png\" class=\"attachment-large size-large wp-image-6668\" alt=\"\" srcset=\"https:\/\/fructus.se\/wp-content\/uploads\/2025\/09\/SIGILL_SKOLD_STAENDE_STOR_SVART_TEXT.png 325w, https:\/\/fructus.se\/wp-content\/uploads\/2025\/09\/SIGILL_SKOLD_STAENDE_STOR_SVART_TEXT-300x246.png 300w, https:\/\/fructus.se\/wp-content\/uploads\/2025\/09\/SIGILL_SKOLD_STAENDE_STOR_SVART_TEXT-15x12.png 15w\" sizes=\"(max-width: 325px) 100vw, 325px\" \/>\t\t\t\t\t\t\t\t\t\t\t\t\t\t\t<\/div>\n\t\t\t\t<\/div>\n\t\t\t\t<div class=\"elementor-element elementor-element-2b123de elementor-widget elementor-widget-spacer\" data-id=\"2b123de\" data-element_type=\"widget\" data-widget_type=\"spacer.default\">\n\t\t\t\t<div class=\"elementor-widget-container\">\n\t\t\t\t\t\t\t<div class=\"elementor-spacer\">\n\t\t\t<div class=\"elementor-spacer-inner\"><\/div>\n\t\t<\/div>\n\t\t\t\t\t\t<\/div>\n\t\t\t\t<\/div>\n\t\t\t\t\t<\/div>\n\t\t<\/div>\n\t\t\t\t<div class=\"elementor-column elementor-col-50 elementor-top-column elementor-element elementor-element-690c4948\" data-id=\"690c4948\" data-element_type=\"column\">\n\t\t\t<div class=\"elementor-widget-wrap elementor-element-populated\">\n\t\t\t\t\t\t<div class=\"elementor-element elementor-element-3825e205 elementor-widget elementor-widget-heading\" data-id=\"3825e205\" data-element_type=\"widget\" data-widget_type=\"heading.default\">\n\t\t\t\t<div class=\"elementor-widget-container\">\n\t\t\t\t\t<p class=\"elementor-heading-title elementor-size-default\">Fructus - CAD\/CAM\/CAE<\/p>\t\t\t\t<\/div>\n\t\t\t\t<\/div>\n\t\t\t\t<div class=\"elementor-element elementor-element-19dd8bb5 elementor-widget elementor-widget-heading\" data-id=\"19dd8bb5\" data-element_type=\"widget\" data-widget_type=\"heading.default\">\n\t\t\t\t<div class=\"elementor-widget-container\">\n\t\t\t\t\t<h3 class=\"elementor-heading-title elementor-size-default\">CAD\/CAM SOLUTIONS<\/h3>\t\t\t\t<\/div>\n\t\t\t\t<\/div>\n\t\t\t\t<div class=\"elementor-element elementor-element-6eaec827 elementor-widget elementor-widget-text-editor\" data-id=\"6eaec827\" data-element_type=\"widget\" data-widget_type=\"text-editor.default\">\n\t\t\t\t<div class=\"elementor-widget-container\">\n\t\t\t\t\t\t\t\t\t<p style=\"text-align: left;\">Since the early 90s, we have been working with sales and distribution of CAD\/CAM software and services. With over 30 years of experience with CAM software and CNC machines, we are firmly rooted in the manufacturing industry. Our focus is highly productive software solutions with short learning curves, professional startups and support. We are today one of the leading CAM suppliers in the Nordics.<\/p><p style=\"text-align: left;\"><b>Adaptation and development<br \/><\/b>Most of our software is developed in the US. We then adapt and customize these solutions for our customers' needs. Adaptations include localisation of software. Customer specific adaptations include post processor development, building of machine models and tooling libraries - all tailored for our customers' machines and needs.<\/p><p style=\"text-align: left;\"><strong>Training and startups<\/strong><br \/>We offer professional training for all software, as well as extension training for specific applications and when new software versions are released. When starting up more difficult CNC machines, we assist with on site tests and validations.<\/p><p style=\"text-align: left;\"><strong>Service and support<\/strong><br \/>We know that quick and professional support is extremely important and constantly work to help our customers avoid costly downtime in production. This, we believe, is one of the reasons to why more than 600 companies in the region have chosen our solutions.<\/p><p style=\"text-align: left;\"><a href=\"http:\/\/fructus.se\/en\/kontakt\/\"><strong>Welcome with your inquiry!<\/strong><\/a><\/p>\t\t\t\t\t\t\t\t<\/div>\n\t\t\t\t<\/div>\n\t\t\t\t\t<\/div>\n\t\t<\/div>\n\t\t\t\t\t<\/div>\n\t\t<\/section>\n\t\t\t\t<section data-dce-background-image-url=\"http:\/\/fructus.se\/wp-content\/uploads\/2023\/01\/OMSLAGSBILD-SPAN_shutterstock_4323688-1-scaled.jpg\" class=\"elementor-section elementor-top-section elementor-element elementor-element-5846d918 elementor-section-boxed elementor-section-height-default elementor-section-height-default\" data-id=\"5846d918\" data-element_type=\"section\" data-settings=\"{&quot;background_background&quot;:&quot;classic&quot;}\">\n\t\t\t\t\t\t\t<div class=\"elementor-background-overlay\"><\/div>\n\t\t\t\t\t\t\t<div class=\"elementor-container elementor-column-gap-default\">\n\t\t\t\t\t<div class=\"elementor-column elementor-col-100 elementor-top-column elementor-element elementor-element-15d91257\" data-id=\"15d91257\" data-element_type=\"column\">\n\t\t\t<div class=\"elementor-widget-wrap elementor-element-populated\">\n\t\t\t\t\t\t<section class=\"elementor-section elementor-inner-section elementor-element elementor-element-496cc7a0 elementor-section-boxed elementor-section-height-default elementor-section-height-default\" data-id=\"496cc7a0\" data-element_type=\"section\">\n\t\t\t\t\t\t<div class=\"elementor-container elementor-column-gap-default\">\n\t\t\t\t\t<div class=\"elementor-column elementor-col-100 elementor-inner-column elementor-element elementor-element-75bbfc0b\" data-id=\"75bbfc0b\" data-element_type=\"column\">\n\t\t\t<div class=\"elementor-widget-wrap elementor-element-populated\">\n\t\t\t\t\t\t<div class=\"elementor-element elementor-element-6b137086 elementor-widget elementor-widget-heading\" data-id=\"6b137086\" data-element_type=\"widget\" data-widget_type=\"heading.default\">\n\t\t\t\t<div class=\"elementor-widget-container\">\n\t\t\t\t\t<p class=\"elementor-heading-title elementor-size-default\">References<\/p>\t\t\t\t<\/div>\n\t\t\t\t<\/div>\n\t\t\t\t<div class=\"elementor-element elementor-element-10a7363d elementor-widget elementor-widget-heading\" data-id=\"10a7363d\" data-element_type=\"widget\" data-widget_type=\"heading.default\">\n\t\t\t\t<div class=\"elementor-widget-container\">\n\t\t\t\t\t<h4 class=\"elementor-heading-title elementor-size-default\">A few of our customers<\/h4>\t\t\t\t<\/div>\n\t\t\t\t<\/div>\n\t\t\t\t<div class=\"elementor-element elementor-element-780a7e7 elementor-widget-divider--view-line elementor-widget elementor-widget-divider\" data-id=\"780a7e7\" data-element_type=\"widget\" data-widget_type=\"divider.default\">\n\t\t\t\t<div class=\"elementor-widget-container\">\n\t\t\t\t\t\t\t<div class=\"elementor-divider\">\n\t\t\t<span class=\"elementor-divider-separator\">\n\t\t\t\t\t\t<\/span>\n\t\t<\/div>\n\t\t\t\t\t\t<\/div>\n\t\t\t\t<\/div>\n\t\t\t\t<div class=\"elementor-element elementor-element-9493c7e elementor-widget elementor-widget-spacer\" data-id=\"9493c7e\" data-element_type=\"widget\" data-widget_type=\"spacer.default\">\n\t\t\t\t<div class=\"elementor-widget-container\">\n\t\t\t\t\t\t\t<div class=\"elementor-spacer\">\n\t\t\t<div class=\"elementor-spacer-inner\"><\/div>\n\t\t<\/div>\n\t\t\t\t\t\t<\/div>\n\t\t\t\t<\/div>\n\t\t\t\t\t<\/div>\n\t\t<\/div>\n\t\t\t\t\t<\/div>\n\t\t<\/section>\n\t\t\t\t<section class=\"elementor-section elementor-inner-section elementor-element elementor-element-63856c27 elementor-section-boxed elementor-section-height-default elementor-section-height-default\" data-id=\"63856c27\" data-element_type=\"section\">\n\t\t\t\t\t\t<div class=\"elementor-container elementor-column-gap-default\">\n\t\t\t\t\t<div class=\"elementor-column elementor-col-20 elementor-inner-column elementor-element elementor-element-165e3865\" data-id=\"165e3865\" data-element_type=\"column\">\n\t\t\t<div class=\"elementor-widget-wrap elementor-element-populated\">\n\t\t\t\t\t\t<div class=\"elementor-element elementor-element-3cc9355 elementor-widget elementor-widget-text-editor\" data-id=\"3cc9355\" data-element_type=\"widget\" data-widget_type=\"text-editor.default\">\n\t\t\t\t<div class=\"elementor-widget-container\">\n\t\t\t\t\t\t\t\t\t<ul><li>ATA Gears<br \/>Atlings Maskinfabrik<br \/>Atlas Copco<br \/>Astra Zeneca<br \/>AQ gruppen<br \/>Belas<br \/>Boggs Mekaniska<br \/>BMA Bj\u00f6rk\u00f6 Mekaniska<br \/>BN Teknik<br \/>Camfil<br \/>Chalmers<br \/>Dentatus<br \/>Dione Kullager<br \/>DST Control<br \/>Epiroc<br \/>Ekets Mekaniska<\/li><\/ul>\t\t\t\t\t\t\t\t<\/div>\n\t\t\t\t<\/div>\n\t\t\t\t\t<\/div>\n\t\t<\/div>\n\t\t\t\t<div class=\"elementor-column elementor-col-20 elementor-inner-column elementor-element elementor-element-31924b6f\" data-id=\"31924b6f\" data-element_type=\"column\">\n\t\t\t<div class=\"elementor-widget-wrap elementor-element-populated\">\n\t\t\t\t\t\t<div class=\"elementor-element elementor-element-b302bb7 elementor-widget elementor-widget-text-editor\" data-id=\"b302bb7\" data-element_type=\"widget\" data-widget_type=\"text-editor.default\">\n\t\t\t\t<div class=\"elementor-widget-container\">\n\t\t\t\t\t\t\t\t\t<ul><li>Essde Teknik<br \/>EQ Mekaniska<br \/>Examec<br \/>Fillauer<br \/>Filmeko<br \/>FOI<br \/>F\u00e5rbo Mekaniska<br \/>Gardner Denver<\/li><li>GKN Driveline<br \/>GE Healthcare<br \/>GMV Gjesdal Mek<br \/>Hamek<br \/>Haland Teknik<br \/>IS Pl\u00e5t AB<br \/>Jan Udden<br \/>Jemtab Systems<\/li><\/ul>\t\t\t\t\t\t\t\t<\/div>\n\t\t\t\t<\/div>\n\t\t\t\t\t<\/div>\n\t\t<\/div>\n\t\t\t\t<div class=\"elementor-column elementor-col-20 elementor-inner-column elementor-element elementor-element-705be270\" data-id=\"705be270\" data-element_type=\"column\">\n\t\t\t<div class=\"elementor-widget-wrap elementor-element-populated\">\n\t\t\t\t\t\t<div class=\"elementor-element elementor-element-e8c9d53 elementor-widget elementor-widget-text-editor\" data-id=\"e8c9d53\" data-element_type=\"widget\" data-widget_type=\"text-editor.default\">\n\t\t\t\t<div class=\"elementor-widget-container\">\n\t\t\t\t\t\t\t\t\t<ul><li>Jernbro<br \/>Karlskoga CNC Quality<br \/>Kongsberg Devotek<br \/>KTH<br \/>Landegrens Legomek<br \/>Larsson &amp; Kjellberg<br \/>Lisj\u00f6 Produktion<br \/>Ljungby Maskin<br \/>LKAB Wassara<br \/>Malm Orstad<br \/>Medimex<br \/>Merx<br \/>MF Precision<br \/>Microprecision<br \/>Mikroverktyg<br \/>Netmilling<\/li><\/ul>\t\t\t\t\t\t\t\t<\/div>\n\t\t\t\t<\/div>\n\t\t\t\t\t<\/div>\n\t\t<\/div>\n\t\t\t\t<div class=\"elementor-column elementor-col-20 elementor-inner-column elementor-element elementor-element-b22ad12\" data-id=\"b22ad12\" data-element_type=\"column\">\n\t\t\t<div class=\"elementor-widget-wrap elementor-element-populated\">\n\t\t\t\t\t\t<div class=\"elementor-element elementor-element-e7431a7 elementor-widget elementor-widget-text-editor\" data-id=\"e7431a7\" data-element_type=\"widget\" data-widget_type=\"text-editor.default\">\n\t\t\t\t<div class=\"elementor-widget-container\">\n\t\t\t\t\t\t\t\t\t<ul><li>NOA Mekaniska<br \/>Nordtool AB<br \/>Noords Mekaniska<br \/>Ockelbo Legomek<br \/>Procell<br \/>Refimex<br \/>Robustus<br \/>Ruukki<br \/>Saloteam<br \/>Sandvik<br \/>Scania<br \/>Siemens\/Maquet<br \/>SKF<br \/>Skoogs Mekaniska<br \/>Stavanger Steel Machining<br \/>TasoWheel<\/li><\/ul>\t\t\t\t\t\t\t\t<\/div>\n\t\t\t\t<\/div>\n\t\t\t\t\t<\/div>\n\t\t<\/div>\n\t\t\t\t<div class=\"elementor-column elementor-col-20 elementor-inner-column elementor-element elementor-element-dd857a4\" data-id=\"dd857a4\" data-element_type=\"column\">\n\t\t\t<div class=\"elementor-widget-wrap elementor-element-populated\">\n\t\t\t\t\t\t<div class=\"elementor-element elementor-element-cbac139 elementor-widget elementor-widget-text-editor\" data-id=\"cbac139\" data-element_type=\"widget\" data-widget_type=\"text-editor.default\">\n\t\t\t\t<div class=\"elementor-widget-container\">\n\t\t\t\t\t\t\t\t\t<ul>\n<li>TechPack<\/li>\n<li>TetraPak<br>Teknodetaljer<br>Teknik och Mekanik<br>Tremeco<br>Trimble<br>Tronrud Engineering<br>TMW Sweden<br>Uppsala Universitet<br>Upp\u00e5kra Ekets<br>Valmet<br>Wallins Mekaniska<br>Wall\u00e5kra Mekaniska<br>Wider\u00f6e<br>\u00c5kers Sweden<br>\u00c5re Produktion<\/li>\n<\/ul>\t\t\t\t\t\t\t\t<\/div>\n\t\t\t\t<\/div>\n\t\t\t\t\t<\/div>\n\t\t<\/div>\n\t\t\t\t\t<\/div>\n\t\t<\/section>\n\t\t\t\t\t<\/div>\n\t\t<\/div>\n\t\t\t\t\t<\/div>\n\t\t<\/section>\n\t\t\t\t<section class=\"elementor-section elementor-top-section elementor-element elementor-element-2d22bfe elementor-section-boxed elementor-section-height-default elementor-section-height-default\" data-id=\"2d22bfe\" data-element_type=\"section\">\n\t\t\t\t\t\t<div class=\"elementor-container elementor-column-gap-default\">\n\t\t\t\t\t<div class=\"elementor-column elementor-col-100 elementor-top-column elementor-element elementor-element-c7ae293\" data-id=\"c7ae293\" data-element_type=\"column\">\n\t\t\t<div class=\"elementor-widget-wrap elementor-element-populated\">\n\t\t\t\t\t\t<div class=\"elementor-element elementor-element-6faec41 elementor-widget elementor-widget-spacer\" data-id=\"6faec41\" data-element_type=\"widget\" data-widget_type=\"spacer.default\">\n\t\t\t\t<div class=\"elementor-widget-container\">\n\t\t\t\t\t\t\t<div class=\"elementor-spacer\">\n\t\t\t<div class=\"elementor-spacer-inner\"><\/div>\n\t\t<\/div>\n\t\t\t\t\t\t<\/div>\n\t\t\t\t<\/div>\n\t\t\t\t\t<\/div>\n\t\t<\/div>\n\t\t\t\t\t<\/div>\n\t\t<\/section>\n\t\t\t\t<\/div>","protected":false},"excerpt":{"rendered":"<p>Fructus &#8211; CAD\/CAM\/CAE The CAM Specialists. Fructus &#8211; CAD\/CAM\/CAE CAD\/CAM L\u00d6SNINGAR Sedan tidigt 90-tal arbetar vi med f\u00f6rs\u00e4ljning och distribution av CAD\/CAM program i Norden. Med \u00f6ver 30 \u00e5rs erfarenhet av CAM program och CNC programmering st\u00e5r vi stabilt rotade i tillverkningsindustrin. V\u00e5rt fokus \u00e4r h\u00f6gproduktiva systeml\u00f6sningar med professionell idrifts\u00e4ttning och kort inl\u00e4rningstid. Vi \u00e4r [&hellip;]<\/p>","protected":false},"author":1,"featured_media":0,"parent":0,"menu_order":0,"comment_status":"closed","ping_status":"closed","template":"","meta":{"footnotes":""},"class_list":["post-164","page","type-page","status-publish","hentry"],"acf":[],"yoast_head":"<!-- This site is optimized with the Yoast SEO plugin v25.7 - https:\/\/yoast.com\/wordpress\/plugins\/seo\/ -->\n<title>Om oss - Fructus<\/title>\n<meta name=\"description\" content=\"Med mer \u00e4n 30 \u00e5rs erfarenhet av CAD\/CAM l\u00f6sningar f\u00f6r CNC programmering \u00e4r vi en av de ledande leverant\u00f6rerna av CAM i Norden.\" \/>\n<meta name=\"robots\" content=\"index, follow, max-snippet:-1, max-image-preview:large, max-video-preview:-1\" \/>\n<link rel=\"canonical\" href=\"https:\/\/fructus.se\/en\/cad-cam\/\" \/>\n<meta property=\"og:locale\" content=\"en_GB\" \/>\n<meta property=\"og:type\" content=\"article\" \/>\n<meta property=\"og:title\" content=\"Om oss - Fructus\" \/>\n<meta property=\"og:description\" content=\"Med mer \u00e4n 30 \u00e5rs erfarenhet av CAD\/CAM l\u00f6sningar f\u00f6r CNC programmering \u00e4r vi en av de ledande leverant\u00f6rerna av CAM i Norden.\" \/>\n<meta property=\"og:url\" content=\"https:\/\/fructus.se\/en\/cad-cam\/\" \/>\n<meta property=\"og:site_name\" content=\"Fructus\" \/>\n<meta property=\"article:modified_time\" content=\"2025-09-22T08:57:32+00:00\" \/>\n<meta property=\"og:image\" content=\"http:\/\/fructus.se\/wp-content\/uploads\/2023\/04\/Fructus-CADCAM.jpg\" \/>\n<meta name=\"twitter:card\" content=\"summary_large_image\" \/>\n<meta name=\"twitter:label1\" content=\"Estimated reading time\" \/>\n\t<meta name=\"twitter:data1\" content=\"3 minutes\" \/>\n<script type=\"application\/ld+json\" class=\"yoast-schema-graph\">{\"@context\":\"https:\/\/schema.org\",\"@graph\":[{\"@type\":\"WebPage\",\"@id\":\"https:\/\/fructus.se\/cad-cam\/\",\"url\":\"https:\/\/fructus.se\/cad-cam\/\",\"name\":\"Om oss - Fructus\",\"isPartOf\":{\"@id\":\"https:\/\/fructus.se\/#website\"},\"primaryImageOfPage\":{\"@id\":\"https:\/\/fructus.se\/cad-cam\/#primaryimage\"},\"image\":{\"@id\":\"https:\/\/fructus.se\/cad-cam\/#primaryimage\"},\"thumbnailUrl\":\"http:\/\/fructus.se\/wp-content\/uploads\/2023\/04\/Fructus-CADCAM.jpg\",\"datePublished\":\"2022-12-07T12:19:25+00:00\",\"dateModified\":\"2025-09-22T08:57:32+00:00\",\"description\":\"Med mer \u00e4n 30 \u00e5rs erfarenhet av CAD\/CAM l\u00f6sningar f\u00f6r CNC programmering \u00e4r vi en av de ledande leverant\u00f6rerna av CAM i Norden.\",\"breadcrumb\":{\"@id\":\"https:\/\/fructus.se\/cad-cam\/#breadcrumb\"},\"inLanguage\":\"en-GB\",\"potentialAction\":[{\"@type\":\"ReadAction\",\"target\":[\"https:\/\/fructus.se\/cad-cam\/\"]}]},{\"@type\":\"ImageObject\",\"inLanguage\":\"en-GB\",\"@id\":\"https:\/\/fructus.se\/cad-cam\/#primaryimage\",\"url\":\"http:\/\/fructus.se\/wp-content\/uploads\/2023\/04\/Fructus-CADCAM.jpg\",\"contentUrl\":\"http:\/\/fructus.se\/wp-content\/uploads\/2023\/04\/Fructus-CADCAM.jpg\"},{\"@type\":\"BreadcrumbList\",\"@id\":\"https:\/\/fructus.se\/cad-cam\/#breadcrumb\",\"itemListElement\":[{\"@type\":\"ListItem\",\"position\":1,\"name\":\"Hem\",\"item\":\"https:\/\/fructus.se\/\"},{\"@type\":\"ListItem\",\"position\":2,\"name\":\"Om oss\"}]},{\"@type\":\"WebSite\",\"@id\":\"https:\/\/fructus.se\/#website\",\"url\":\"https:\/\/fructus.se\/\",\"name\":\"Fructus\",\"description\":\"CAD \/ CAM \/ CAE\",\"publisher\":{\"@id\":\"https:\/\/fructus.se\/#organization\"},\"potentialAction\":[{\"@type\":\"SearchAction\",\"target\":{\"@type\":\"EntryPoint\",\"urlTemplate\":\"https:\/\/fructus.se\/?s={search_term_string}\"},\"query-input\":{\"@type\":\"PropertyValueSpecification\",\"valueRequired\":true,\"valueName\":\"search_term_string\"}}],\"inLanguage\":\"en-GB\"},{\"@type\":\"Organization\",\"@id\":\"https:\/\/fructus.se\/#organization\",\"name\":\"Fructus\",\"url\":\"https:\/\/fructus.se\/\",\"logo\":{\"@type\":\"ImageObject\",\"inLanguage\":\"en-GB\",\"@id\":\"https:\/\/fructus.se\/#\/schema\/logo\/image\/\",\"url\":\"https:\/\/fructus.se\/wp-content\/uploads\/2022\/10\/fructus-logo.png\",\"contentUrl\":\"https:\/\/fructus.se\/wp-content\/uploads\/2022\/10\/fructus-logo.png\",\"width\":501,\"height\":125,\"caption\":\"Fructus\"},\"image\":{\"@id\":\"https:\/\/fructus.se\/#\/schema\/logo\/image\/\"}}]}<\/script>\n<!-- \/ Yoast SEO plugin. -->","yoast_head_json":{"title":"Om oss - Fructus","description":"Med mer \u00e4n 30 \u00e5rs erfarenhet av CAD\/CAM l\u00f6sningar f\u00f6r CNC programmering \u00e4r vi en av de ledande leverant\u00f6rerna av CAM i Norden.","robots":{"index":"index","follow":"follow","max-snippet":"max-snippet:-1","max-image-preview":"max-image-preview:large","max-video-preview":"max-video-preview:-1"},"canonical":"https:\/\/fructus.se\/en\/cad-cam\/","og_locale":"en_GB","og_type":"article","og_title":"Om oss - Fructus","og_description":"Med mer \u00e4n 30 \u00e5rs erfarenhet av CAD\/CAM l\u00f6sningar f\u00f6r CNC programmering \u00e4r vi en av de ledande leverant\u00f6rerna av CAM i Norden.","og_url":"https:\/\/fructus.se\/en\/cad-cam\/","og_site_name":"Fructus","article_modified_time":"2025-09-22T08:57:32+00:00","og_image":[{"url":"http:\/\/fructus.se\/wp-content\/uploads\/2023\/04\/Fructus-CADCAM.jpg","type":"","width":"","height":""}],"twitter_card":"summary_large_image","twitter_misc":{"Estimated reading time":"3 minutes"},"schema":{"@context":"https:\/\/schema.org","@graph":[{"@type":"WebPage","@id":"https:\/\/fructus.se\/cad-cam\/","url":"https:\/\/fructus.se\/cad-cam\/","name":"Om oss - Fructus","isPartOf":{"@id":"https:\/\/fructus.se\/#website"},"primaryImageOfPage":{"@id":"https:\/\/fructus.se\/cad-cam\/#primaryimage"},"image":{"@id":"https:\/\/fructus.se\/cad-cam\/#primaryimage"},"thumbnailUrl":"http:\/\/fructus.se\/wp-content\/uploads\/2023\/04\/Fructus-CADCAM.jpg","datePublished":"2022-12-07T12:19:25+00:00","dateModified":"2025-09-22T08:57:32+00:00","description":"Med mer \u00e4n 30 \u00e5rs erfarenhet av CAD\/CAM l\u00f6sningar f\u00f6r CNC programmering \u00e4r vi en av de ledande leverant\u00f6rerna av CAM i Norden.","breadcrumb":{"@id":"https:\/\/fructus.se\/cad-cam\/#breadcrumb"},"inLanguage":"en-GB","potentialAction":[{"@type":"ReadAction","target":["https:\/\/fructus.se\/cad-cam\/"]}]},{"@type":"ImageObject","inLanguage":"en-GB","@id":"https:\/\/fructus.se\/cad-cam\/#primaryimage","url":"http:\/\/fructus.se\/wp-content\/uploads\/2023\/04\/Fructus-CADCAM.jpg","contentUrl":"http:\/\/fructus.se\/wp-content\/uploads\/2023\/04\/Fructus-CADCAM.jpg"},{"@type":"BreadcrumbList","@id":"https:\/\/fructus.se\/cad-cam\/#breadcrumb","itemListElement":[{"@type":"ListItem","position":1,"name":"Hem","item":"https:\/\/fructus.se\/"},{"@type":"ListItem","position":2,"name":"Om oss"}]},{"@type":"WebSite","@id":"https:\/\/fructus.se\/#website","url":"https:\/\/fructus.se\/","name":"Fructus","description":"CAD \/ CAM \/ CAE","publisher":{"@id":"https:\/\/fructus.se\/#organization"},"potentialAction":[{"@type":"SearchAction","target":{"@type":"EntryPoint","urlTemplate":"https:\/\/fructus.se\/?s={search_term_string}"},"query-input":{"@type":"PropertyValueSpecification","valueRequired":true,"valueName":"search_term_string"}}],"inLanguage":"en-GB"},{"@type":"Organization","@id":"https:\/\/fructus.se\/#organization","name":"Fructus","url":"https:\/\/fructus.se\/","logo":{"@type":"ImageObject","inLanguage":"en-GB","@id":"https:\/\/fructus.se\/#\/schema\/logo\/image\/","url":"https:\/\/fructus.se\/wp-content\/uploads\/2022\/10\/fructus-logo.png","contentUrl":"https:\/\/fructus.se\/wp-content\/uploads\/2022\/10\/fructus-logo.png","width":501,"height":125,"caption":"Fructus"},"image":{"@id":"https:\/\/fructus.se\/#\/schema\/logo\/image\/"}}]}},"_links":{"self":[{"href":"https:\/\/fructus.se\/en\/wp-json\/wp\/v2\/pages\/164","targetHints":{"allow":["GET"]}}],"collection":[{"href":"https:\/\/fructus.se\/en\/wp-json\/wp\/v2\/pages"}],"about":[{"href":"https:\/\/fructus.se\/en\/wp-json\/wp\/v2\/types\/page"}],"author":[{"embeddable":true,"href":"https:\/\/fructus.se\/en\/wp-json\/wp\/v2\/users\/1"}],"replies":[{"embeddable":true,"href":"https:\/\/fructus.se\/en\/wp-json\/wp\/v2\/comments?post=164"}],"version-history":[{"count":0,"href":"https:\/\/fructus.se\/en\/wp-json\/wp\/v2\/pages\/164\/revisions"}],"wp:attachment":[{"href":"https:\/\/fructus.se\/en\/wp-json\/wp\/v2\/media?parent=164"}],"curies":[{"name":"wp","href":"https:\/\/api.w.org\/{rel}","templated":true}]}}